{"id":152,"date":"2024-10-02T08:09:19","date_gmt":"2024-10-02T08:09:19","guid":{"rendered":"https:\/\/onlinepromosaver.com\/?page_id=152"},"modified":"2025-11-05T12:13:42","modified_gmt":"2025-11-05T12:13:42","slug":"categories","status":"publish","type":"page","link":"https:\/\/onlinepromosaver.com\/fr\/categories\/","title":{"rendered":"Cat\u00e9gories"},"content":{"rendered":"","protected":false},"excerpt":{"rendered":"","protected":false},"author":5,"featured_media":0,"parent":0,"menu_order":0,"comment_status":"closed","ping_status":"closed","template":"all-categories-template.php","meta":{"_acf_changed":false,"footnotes":""},"class_list":["post-152","page","type-page","status-publish","hentry"],"acf":[],"yoast_head":"<!-- This site is optimized with the Yoast SEO plugin v25.8 - https:\/\/yoast.com\/wordpress\/plugins\/seo\/ -->\n<title>OnlinePromoSaver FR - Faites vos achats par cat\u00e9gories pr\u00e9f\u00e9r\u00e9es<\/title>\n<meta name=\"description\" content=\"D\u00e9couvrez des offres pour tous vos besoins shopping sur OnlinePromoSaver FR. Trouvez des promotions sur des cat\u00e9gories comme la mode, l&#039;\u00e9lectronique, les voyages et bien plus encore.\" \/>\n<meta name=\"robots\" content=\"index, follow, max-snippet:-1, max-image-preview:large, max-video-preview:-1\" \/>\n<link rel=\"canonical\" href=\"https:\/\/onlinepromosaver.com\/fr\/categories\/\" \/>\n<meta property=\"og:locale\" content=\"en_US\" \/>\n<meta property=\"og:type\" content=\"article\" \/>\n<meta property=\"og:title\" content=\"OnlinePromoSaver FR - Faites vos achats par cat\u00e9gories pr\u00e9f\u00e9r\u00e9es\" \/>\n<meta property=\"og:description\" content=\"D\u00e9couvrez des offres pour tous vos besoins shopping sur OnlinePromoSaver FR. Trouvez des promotions sur des cat\u00e9gories comme la mode, l&#039;\u00e9lectronique, les voyages et bien plus encore.\" \/>\n<meta property=\"og:url\" content=\"https:\/\/onlinepromosaver.com\/fr\/categories\/\" \/>\n<meta property=\"og:site_name\" content=\"Top Promo Codes FR\" \/>\n<meta property=\"article:modified_time\" content=\"2025-11-05T12:13:42+00:00\" \/>\n<meta name=\"twitter:card\" content=\"summary_large_image\" \/>\n<script type=\"application\/ld+json\" class=\"yoast-schema-graph\">{\"@context\":\"https:\/\/schema.org\",\"@graph\":[{\"@type\":\"WebPage\",\"@id\":\"https:\/\/onlinepromosaver.com\/fr\/categories\/\",\"url\":\"https:\/\/onlinepromosaver.com\/fr\/categories\/\",\"name\":\"OnlinePromoSaver FR - Faites vos achats par cat\u00e9gories pr\u00e9f\u00e9r\u00e9es\",\"isPartOf\":{\"@id\":\"https:\/\/onlinepromosaver.com\/fr\/#website\"},\"datePublished\":\"2024-10-02T08:09:19+00:00\",\"dateModified\":\"2025-11-05T12:13:42+00:00\",\"description\":\"D\u00e9couvrez des offres pour tous vos besoins shopping sur OnlinePromoSaver FR. Trouvez des promotions sur des cat\u00e9gories comme la mode, l'\u00e9lectronique, les voyages et bien plus encore.\",\"breadcrumb\":{\"@id\":\"https:\/\/onlinepromosaver.com\/fr\/categories\/#breadcrumb\"},\"inLanguage\":\"en-US\",\"potentialAction\":[{\"@type\":\"ReadAction\",\"target\":[\"https:\/\/onlinepromosaver.com\/fr\/categories\/\"]}]},{\"@type\":\"BreadcrumbList\",\"@id\":\"https:\/\/onlinepromosaver.com\/fr\/categories\/#breadcrumb\",\"itemListElement\":[{\"@type\":\"ListItem\",\"position\":1,\"name\":\"Home\",\"item\":\"https:\/\/onlinepromosaver.com\/fr\/\"},{\"@type\":\"ListItem\",\"position\":2,\"name\":\"Cat\u00e9gories\"}]},{\"@type\":\"WebSite\",\"@id\":\"https:\/\/onlinepromosaver.com\/fr\/#website\",\"url\":\"https:\/\/onlinepromosaver.com\/fr\/\",\"name\":\"Top Promo Codes FR\",\"description\":\"\",\"potentialAction\":[{\"@type\":\"SearchAction\",\"target\":{\"@type\":\"EntryPoint\",\"urlTemplate\":\"https:\/\/onlinepromosaver.com\/fr\/?s={search_term_string}\"},\"query-input\":{\"@type\":\"PropertyValueSpecification\",\"valueRequired\":true,\"valueName\":\"search_term_string\"}}],\"inLanguage\":\"en-US\"}]}<\/script>\n<!-- \/ Yoast SEO plugin. -->","yoast_head_json":{"title":"OnlinePromoSaver FR - Faites vos achats par cat\u00e9gories pr\u00e9f\u00e9r\u00e9es","description":"D\u00e9couvrez des offres pour tous vos besoins shopping sur OnlinePromoSaver FR. Trouvez des promotions sur des cat\u00e9gories comme la mode, l'\u00e9lectronique, les voyages et bien plus encore.","robots":{"index":"index","follow":"follow","max-snippet":"max-snippet:-1","max-image-preview":"max-image-preview:large","max-video-preview":"max-video-preview:-1"},"canonical":"https:\/\/onlinepromosaver.com\/fr\/categories\/","og_locale":"en_US","og_type":"article","og_title":"OnlinePromoSaver FR - Faites vos achats par cat\u00e9gories pr\u00e9f\u00e9r\u00e9es","og_description":"D\u00e9couvrez des offres pour tous vos besoins shopping sur OnlinePromoSaver FR. Trouvez des promotions sur des cat\u00e9gories comme la mode, l'\u00e9lectronique, les voyages et bien plus encore.","og_url":"https:\/\/onlinepromosaver.com\/fr\/categories\/","og_site_name":"Top Promo Codes FR","article_modified_time":"2025-11-05T12:13:42+00:00","twitter_card":"summary_large_image","schema":{"@context":"https:\/\/schema.org","@graph":[{"@type":"WebPage","@id":"https:\/\/onlinepromosaver.com\/fr\/categories\/","url":"https:\/\/onlinepromosaver.com\/fr\/categories\/","name":"OnlinePromoSaver FR - Faites vos achats par cat\u00e9gories pr\u00e9f\u00e9r\u00e9es","isPartOf":{"@id":"https:\/\/onlinepromosaver.com\/fr\/#website"},"datePublished":"2024-10-02T08:09:19+00:00","dateModified":"2025-11-05T12:13:42+00:00","description":"D\u00e9couvrez des offres pour tous vos besoins shopping sur OnlinePromoSaver FR. Trouvez des promotions sur des cat\u00e9gories comme la mode, l'\u00e9lectronique, les voyages et bien plus encore.","breadcrumb":{"@id":"https:\/\/onlinepromosaver.com\/fr\/categories\/#breadcrumb"},"inLanguage":"en-US","potentialAction":[{"@type":"ReadAction","target":["https:\/\/onlinepromosaver.com\/fr\/categories\/"]}]},{"@type":"BreadcrumbList","@id":"https:\/\/onlinepromosaver.com\/fr\/categories\/#breadcrumb","itemListElement":[{"@type":"ListItem","position":1,"name":"Home","item":"https:\/\/onlinepromosaver.com\/fr\/"},{"@type":"ListItem","position":2,"name":"Cat\u00e9gories"}]},{"@type":"WebSite","@id":"https:\/\/onlinepromosaver.com\/fr\/#website","url":"https:\/\/onlinepromosaver.com\/fr\/","name":"Top Promo Codes FR","description":"","potentialAction":[{"@type":"SearchAction","target":{"@type":"EntryPoint","urlTemplate":"https:\/\/onlinepromosaver.com\/fr\/?s={search_term_string}"},"query-input":{"@type":"PropertyValueSpecification","valueRequired":true,"valueName":"search_term_string"}}],"inLanguage":"en-US"}]}},"_links":{"self":[{"href":"https:\/\/onlinepromosaver.com\/fr\/wp-json\/wp\/v2\/pages\/152","targetHints":{"allow":["GET"]}}],"collection":[{"href":"https:\/\/onlinepromosaver.com\/fr\/wp-json\/wp\/v2\/pages"}],"about":[{"href":"https:\/\/onlinepromosaver.com\/fr\/wp-json\/wp\/v2\/types\/page"}],"author":[{"embeddable":true,"href":"https:\/\/onlinepromosaver.com\/fr\/wp-json\/wp\/v2\/users\/5"}],"replies":[{"embeddable":true,"href":"https:\/\/onlinepromosaver.com\/fr\/wp-json\/wp\/v2\/comments?post=152"}],"version-history":[{"count":2,"href":"https:\/\/onlinepromosaver.com\/fr\/wp-json\/wp\/v2\/pages\/152\/revisions"}],"predecessor-version":[{"id":1642,"href":"https:\/\/onlinepromosaver.com\/fr\/wp-json\/wp\/v2\/pages\/152\/revisions\/1642"}],"wp:attachment":[{"href":"https:\/\/onlinepromosaver.com\/fr\/wp-json\/wp\/v2\/media?parent=152"}],"curies":[{"name":"wp","href":"https:\/\/api.w.org\/{rel}","templated":true}]}}