{"id":508,"date":"2024-12-03T13:23:49","date_gmt":"2024-12-03T13:23:49","guid":{"rendered":"https:\/\/onlinepromosaver.com\/us\/?page_id=508"},"modified":"2025-11-05T12:19:04","modified_gmt":"2025-11-05T12:19:04","slug":"about","status":"publish","type":"page","link":"https:\/\/onlinepromosaver.com\/fr\/about\/","title":{"rendered":"\u00c0 propos"},"content":{"rendered":"<h2>\u00c0 propos de nous<\/h2>\n<p><span style=\"font-weight: 400;\">\u00c0 <\/span><a href=\"https:\/\/onlinepromosaver.com\/fr\/\"><span style=\"font-weight: 400;\"><em>OnlinePromoSaver<\/em><\/span><\/a><span style=\"font-weight: 400;\">, nous nous engageons \u00e0 simplifier votre exp\u00e9rience d&#8217;achat en vous proposant des offres exceptionnelles sur vos produits pr\u00e9f\u00e9r\u00e9s. Conscients du casse-t\u00eate que repr\u00e9sente la comparaison de nombreuses promotions, nous avons cr\u00e9\u00e9 une plateforme unique o\u00f9 vous trouverez rapidement et facilement les meilleures r\u00e9ductions. Notre objectif : vous permettre d&#8217;acheter plus malin et d&#8217;\u00e9conomiser du temps et de l&#8217;argent \u00e0 chaque fois.<\/span><\/p>\n<h3>Notre mission<\/h3>\n<p>Rendre le shopping plus abordable et plus efficace en proposant aux consommateurs les r\u00e9ductions les plus pertinentes et les plus attractives, le tout sur une seule et m\u00eame plateforme. Nous nous engageons \u00e0 vous aider \u00e0 d\u00e9couvrir les meilleures offres sur tous les sujets, de la mode \u00e0 la technologie, en passant par les voyages et la d\u00e9coration, pour que vous en ayez davantage pour votre argent.<\/p>\n<h3>Notre vision<\/h3>\n<p>R\u00e9volutionner l&#8217;exp\u00e9rience d&#8217;achat en cr\u00e9ant une plateforme o\u00f9 chaque client peut facilement trouver et profiter des meilleures offres. Nous ambitionnons de devenir la r\u00e9f\u00e9rence en mati\u00e8re de r\u00e9ductions en ligne, le premier r\u00e9flexe de ceux qui souhaitent faire des \u00e9conomies.<\/p>\n<h3>Nos valeurs<\/h3>\n<ul>\n<li><strong>Simplicit\u00e9<\/strong> : \u00c9conomiser devrait \u00eatre facile. C\u2019est pourquoi nous simplifions le processus et facilitons autant que possible la recherche de r\u00e9ductions.<\/li>\n<li><strong>Int\u00e9grit\u00e9<\/strong>\u00a0: Nous fournissons \u00e0 nos utilisateurs des informations exactes, transparentes et fiables sur chaque offre.<\/li>\n<li><strong>Centr\u00e9 sur le client<\/strong>\u00a0: Votre satisfaction est notre priorit\u00e9. Nous sommes \u00e0 l\u2019\u00e9coute de vos besoins et nous nous effor\u00e7ons constamment d\u2019am\u00e9liorer nos services.<\/li>\n<li><strong>Innovation<\/strong>\u00a0: Nous misons sur la technologie et l\u2019innovation pour optimiser votre exp\u00e9rience d\u2019achat et rester \u00e0 la pointe des bonnes affaires.<\/li>\n<li><strong>Communaut\u00e9<\/strong>\u00a0: Nous avons \u00e0 c\u0153ur de cr\u00e9er une communaut\u00e9 d\u2019acheteurs avertis qui partagent, apprennent et \u00e9conomisent ensemble.<\/li>\n<\/ul>\n<h3>Pourquoi nous choisir ?<\/h3>\n<p>Nous croyons qu&#8217;il est simple de faire des \u00e9conomies. Nos s\u00e9lections, soigneusement choisies par nos experts, vous proposent des offres et des r\u00e9ductions personnalis\u00e9es et en temps r\u00e9el, issues des plus grandes marques. Notre \u00e9quipe est constamment \u00e0 l&#8217;aff\u00fbt de nouvelles opportunit\u00e9s pour vous permettre de profiter d&#8217;offres exclusives, de ventes flash et de promotions saisonni\u00e8res.<\/p>\n<ul>\n<li><strong>Un vaste choix<\/strong> : Nous offrons des r\u00e9ductions sur une large gamme de cat\u00e9gories, de l&#8217;\u00e9lectronique aux produits essentiels du quotidien.<\/li>\n<li><strong>Des offres authentiques et v\u00e9rifi\u00e9es<\/strong> : Chaque offre sur notre site est rigoureusement v\u00e9rifi\u00e9e, vous garantissant ainsi le meilleur rapport qualit\u00e9-prix.<\/li>\n<li><strong>Une navigation simple<\/strong> : Notre site web est con\u00e7u pour votre confort \u2013 trouvez rapidement les meilleures offres en toute simplicit\u00e9.<\/li>\n<li><strong>Des offres toujours \u00e0 jour<\/strong> : Nous mettons r\u00e9guli\u00e8rement \u00e0 jour nos offres pour que vous ne ratiez aucune occasion d&#8217;\u00e9conomiser.<\/li>\n<\/ul>\n","protected":false},"excerpt":{"rendered":"<p>\u00c0 propos de nous \u00c0 OnlinePromoSaver, nous nous engageons \u00e0 simplifier votre exp\u00e9rience d&#8217;achat en vous proposant des offres exceptionnelles sur vos produits pr\u00e9f\u00e9r\u00e9s. Conscients du casse-t\u00eate que repr\u00e9sente la comparaison de nombreuses promotions, nous avons cr\u00e9\u00e9 une plateforme unique o\u00f9 vous trouverez rapidement et facilement les meilleures r\u00e9ductions. Notre objectif : vous permettre d&#8217;acheter [&hellip;]<\/p>\n","protected":false},"author":5,"featured_media":0,"parent":0,"menu_order":0,"comment_status":"closed","ping_status":"closed","template":"","meta":{"_acf_changed":false,"footnotes":""},"class_list":["post-508","page","type-page","status-publish","hentry"],"acf":[],"yoast_head":"<!-- This site is optimized with the Yoast SEO plugin v25.8 - https:\/\/yoast.com\/wordpress\/plugins\/seo\/ -->\n<title>\u00c0 propos de nous | Apprenez-en davantage sur notre mission et notre \u00e9quipe<\/title>\n<meta name=\"description\" content=\"D\u00e9couvrez la mission d&#039;OnlinePromoSaver FR. Apprenez comment nous vous aidons \u00e0 trouver les meilleures offres am\u00e9ricaines pour \u00e9conomiser sur les plus grandes marques.\" \/>\n<meta name=\"robots\" content=\"index, follow, max-snippet:-1, max-image-preview:large, max-video-preview:-1\" \/>\n<link rel=\"canonical\" href=\"https:\/\/onlinepromosaver.com\/fr\/about\/\" \/>\n<meta property=\"og:locale\" content=\"en_US\" \/>\n<meta property=\"og:type\" content=\"article\" \/>\n<meta property=\"og:title\" content=\"\u00c0 propos de nous | Apprenez-en davantage sur notre mission et notre \u00e9quipe\" \/>\n<meta property=\"og:description\" content=\"D\u00e9couvrez la mission d&#039;OnlinePromoSaver FR. Apprenez comment nous vous aidons \u00e0 trouver les meilleures offres am\u00e9ricaines pour \u00e9conomiser sur les plus grandes marques.\" \/>\n<meta property=\"og:url\" content=\"https:\/\/onlinepromosaver.com\/fr\/about\/\" \/>\n<meta property=\"og:site_name\" content=\"Top Promo Codes FR\" \/>\n<meta property=\"article:modified_time\" content=\"2025-11-05T12:19:04+00:00\" \/>\n<meta name=\"twitter:card\" content=\"summary_large_image\" \/>\n<meta name=\"twitter:label1\" content=\"Est. reading time\" \/>\n\t<meta name=\"twitter:data1\" content=\"2 minutes\" \/>\n<script type=\"application\/ld+json\" class=\"yoast-schema-graph\">{\"@context\":\"https:\/\/schema.org\",\"@graph\":[{\"@type\":\"WebPage\",\"@id\":\"https:\/\/onlinepromosaver.com\/fr\/about\/\",\"url\":\"https:\/\/onlinepromosaver.com\/fr\/about\/\",\"name\":\"\u00c0 propos de nous | Apprenez-en davantage sur notre mission et notre \u00e9quipe\",\"isPartOf\":{\"@id\":\"https:\/\/onlinepromosaver.com\/fr\/#website\"},\"datePublished\":\"2024-12-03T13:23:49+00:00\",\"dateModified\":\"2025-11-05T12:19:04+00:00\",\"description\":\"D\u00e9couvrez la mission d'OnlinePromoSaver FR. Apprenez comment nous vous aidons \u00e0 trouver les meilleures offres am\u00e9ricaines pour \u00e9conomiser sur les plus grandes marques.\",\"breadcrumb\":{\"@id\":\"https:\/\/onlinepromosaver.com\/fr\/about\/#breadcrumb\"},\"inLanguage\":\"en-US\",\"potentialAction\":[{\"@type\":\"ReadAction\",\"target\":[\"https:\/\/onlinepromosaver.com\/fr\/about\/\"]}]},{\"@type\":\"BreadcrumbList\",\"@id\":\"https:\/\/onlinepromosaver.com\/fr\/about\/#breadcrumb\",\"itemListElement\":[{\"@type\":\"ListItem\",\"position\":1,\"name\":\"Home\",\"item\":\"https:\/\/onlinepromosaver.com\/fr\/\"},{\"@type\":\"ListItem\",\"position\":2,\"name\":\"\u00c0 propos\"}]},{\"@type\":\"WebSite\",\"@id\":\"https:\/\/onlinepromosaver.com\/fr\/#website\",\"url\":\"https:\/\/onlinepromosaver.com\/fr\/\",\"name\":\"Top Promo Codes FR\",\"description\":\"\",\"potentialAction\":[{\"@type\":\"SearchAction\",\"target\":{\"@type\":\"EntryPoint\",\"urlTemplate\":\"https:\/\/onlinepromosaver.com\/fr\/?s={search_term_string}\"},\"query-input\":{\"@type\":\"PropertyValueSpecification\",\"valueRequired\":true,\"valueName\":\"search_term_string\"}}],\"inLanguage\":\"en-US\"}]}<\/script>\n<!-- \/ Yoast SEO plugin. -->","yoast_head_json":{"title":"\u00c0 propos de nous | Apprenez-en davantage sur notre mission et notre \u00e9quipe","description":"D\u00e9couvrez la mission d'OnlinePromoSaver FR. Apprenez comment nous vous aidons \u00e0 trouver les meilleures offres am\u00e9ricaines pour \u00e9conomiser sur les plus grandes marques.","robots":{"index":"index","follow":"follow","max-snippet":"max-snippet:-1","max-image-preview":"max-image-preview:large","max-video-preview":"max-video-preview:-1"},"canonical":"https:\/\/onlinepromosaver.com\/fr\/about\/","og_locale":"en_US","og_type":"article","og_title":"\u00c0 propos de nous | Apprenez-en davantage sur notre mission et notre \u00e9quipe","og_description":"D\u00e9couvrez la mission d'OnlinePromoSaver FR. Apprenez comment nous vous aidons \u00e0 trouver les meilleures offres am\u00e9ricaines pour \u00e9conomiser sur les plus grandes marques.","og_url":"https:\/\/onlinepromosaver.com\/fr\/about\/","og_site_name":"Top Promo Codes FR","article_modified_time":"2025-11-05T12:19:04+00:00","twitter_card":"summary_large_image","twitter_misc":{"Est. reading time":"2 minutes"},"schema":{"@context":"https:\/\/schema.org","@graph":[{"@type":"WebPage","@id":"https:\/\/onlinepromosaver.com\/fr\/about\/","url":"https:\/\/onlinepromosaver.com\/fr\/about\/","name":"\u00c0 propos de nous | Apprenez-en davantage sur notre mission et notre \u00e9quipe","isPartOf":{"@id":"https:\/\/onlinepromosaver.com\/fr\/#website"},"datePublished":"2024-12-03T13:23:49+00:00","dateModified":"2025-11-05T12:19:04+00:00","description":"D\u00e9couvrez la mission d'OnlinePromoSaver FR. Apprenez comment nous vous aidons \u00e0 trouver les meilleures offres am\u00e9ricaines pour \u00e9conomiser sur les plus grandes marques.","breadcrumb":{"@id":"https:\/\/onlinepromosaver.com\/fr\/about\/#breadcrumb"},"inLanguage":"en-US","potentialAction":[{"@type":"ReadAction","target":["https:\/\/onlinepromosaver.com\/fr\/about\/"]}]},{"@type":"BreadcrumbList","@id":"https:\/\/onlinepromosaver.com\/fr\/about\/#breadcrumb","itemListElement":[{"@type":"ListItem","position":1,"name":"Home","item":"https:\/\/onlinepromosaver.com\/fr\/"},{"@type":"ListItem","position":2,"name":"\u00c0 propos"}]},{"@type":"WebSite","@id":"https:\/\/onlinepromosaver.com\/fr\/#website","url":"https:\/\/onlinepromosaver.com\/fr\/","name":"Top Promo Codes FR","description":"","potentialAction":[{"@type":"SearchAction","target":{"@type":"EntryPoint","urlTemplate":"https:\/\/onlinepromosaver.com\/fr\/?s={search_term_string}"},"query-input":{"@type":"PropertyValueSpecification","valueRequired":true,"valueName":"search_term_string"}}],"inLanguage":"en-US"}]}},"_links":{"self":[{"href":"https:\/\/onlinepromosaver.com\/fr\/wp-json\/wp\/v2\/pages\/508","targetHints":{"allow":["GET"]}}],"collection":[{"href":"https:\/\/onlinepromosaver.com\/fr\/wp-json\/wp\/v2\/pages"}],"about":[{"href":"https:\/\/onlinepromosaver.com\/fr\/wp-json\/wp\/v2\/types\/page"}],"author":[{"embeddable":true,"href":"https:\/\/onlinepromosaver.com\/fr\/wp-json\/wp\/v2\/users\/5"}],"replies":[{"embeddable":true,"href":"https:\/\/onlinepromosaver.com\/fr\/wp-json\/wp\/v2\/comments?post=508"}],"version-history":[{"count":2,"href":"https:\/\/onlinepromosaver.com\/fr\/wp-json\/wp\/v2\/pages\/508\/revisions"}],"predecessor-version":[{"id":1648,"href":"https:\/\/onlinepromosaver.com\/fr\/wp-json\/wp\/v2\/pages\/508\/revisions\/1648"}],"wp:attachment":[{"href":"https:\/\/onlinepromosaver.com\/fr\/wp-json\/wp\/v2\/media?parent=508"}],"curies":[{"name":"wp","href":"https:\/\/api.w.org\/{rel}","templated":true}]}}