{"id":510,"date":"2024-12-03T13:24:08","date_gmt":"2024-12-03T13:24:08","guid":{"rendered":"https:\/\/onlinepromosaver.com\/us\/?page_id=510"},"modified":"2025-11-05T12:11:48","modified_gmt":"2025-11-05T12:11:48","slug":"faqs","status":"publish","type":"page","link":"https:\/\/onlinepromosaver.com\/fr\/faqs\/","title":{"rendered":"FAQs"},"content":{"rendered":"<h2>Foire aux questions<\/h2>\n<p><span style=\"font-weight: 400;\">Bienvenue \u00e0\u00a0<a href=\"https:\/\/onlinepromosaver.com\/fr\/\" target=\"_blank\" rel=\"noopener\"><em>OnlinePromoSaver.<\/em><\/a> Consultez notre FAQ !\u00a0Vous trouverez ici les r\u00e9ponses aux questions les plus fr\u00e9quentes concernant notre plateforme et nos offres exceptionnelles. Pour toute question ou assistance suppl\u00e9mentaire, n\u2019h\u00e9sitez pas \u00e0 contacter notre \u00e9quipe d\u2019assistance.<\/span><\/p>\n","protected":false},"excerpt":{"rendered":"<p>Foire aux questions Bienvenue \u00e0\u00a0OnlinePromoSaver. Consultez notre FAQ !\u00a0Vous trouverez ici les r\u00e9ponses aux questions les plus fr\u00e9quentes concernant notre plateforme et nos offres exceptionnelles. Pour toute question ou assistance suppl\u00e9mentaire, n\u2019h\u00e9sitez pas \u00e0 contacter notre \u00e9quipe d\u2019assistance.<\/p>\n","protected":false},"author":5,"featured_media":0,"parent":0,"menu_order":0,"comment_status":"closed","ping_status":"closed","template":"pages\/faqs.php","meta":{"_acf_changed":false,"footnotes":""},"class_list":["post-510","page","type-page","status-publish","hentry"],"acf":[],"yoast_head":"<!-- This site is optimized with the Yoast SEO plugin v25.8 - https:\/\/yoast.com\/wordpress\/plugins\/seo\/ -->\n<title>Foire aux questions - OnlinePromoSaver FR<\/title>\n<meta name=\"description\" content=\"Vous avez des questions sur l&#039;utilisation d&#039;OnlinePromoSaver FR ou la recherche de bons plans\u00a0? Consultez notre FAQ pour obtenir des r\u00e9ponses aux questions les plus fr\u00e9quentes.\" \/>\n<meta name=\"robots\" content=\"index, follow, max-snippet:-1, max-image-preview:large, max-video-preview:-1\" \/>\n<link rel=\"canonical\" href=\"https:\/\/onlinepromosaver.com\/fr\/faqs\/\" \/>\n<meta property=\"og:locale\" content=\"en_US\" \/>\n<meta property=\"og:type\" content=\"article\" \/>\n<meta property=\"og:title\" content=\"Foire aux questions - OnlinePromoSaver FR\" \/>\n<meta property=\"og:description\" content=\"Vous avez des questions sur l&#039;utilisation d&#039;OnlinePromoSaver FR ou la recherche de bons plans\u00a0? Consultez notre FAQ pour obtenir des r\u00e9ponses aux questions les plus fr\u00e9quentes.\" \/>\n<meta property=\"og:url\" content=\"https:\/\/onlinepromosaver.com\/fr\/faqs\/\" \/>\n<meta property=\"og:site_name\" content=\"Top Promo Codes FR\" \/>\n<meta property=\"article:modified_time\" content=\"2025-11-05T12:11:48+00:00\" \/>\n<meta name=\"twitter:card\" content=\"summary_large_image\" \/>\n<meta name=\"twitter:label1\" content=\"Est. reading time\" \/>\n\t<meta name=\"twitter:data1\" content=\"1 minute\" \/>\n<script type=\"application\/ld+json\" class=\"yoast-schema-graph\">{\"@context\":\"https:\/\/schema.org\",\"@graph\":[{\"@type\":\"WebPage\",\"@id\":\"https:\/\/onlinepromosaver.com\/fr\/faqs\/\",\"url\":\"https:\/\/onlinepromosaver.com\/fr\/faqs\/\",\"name\":\"Foire aux questions - OnlinePromoSaver FR\",\"isPartOf\":{\"@id\":\"https:\/\/onlinepromosaver.com\/fr\/#website\"},\"datePublished\":\"2024-12-03T13:24:08+00:00\",\"dateModified\":\"2025-11-05T12:11:48+00:00\",\"description\":\"Vous avez des questions sur l'utilisation d'OnlinePromoSaver FR ou la recherche de bons plans\u00a0? Consultez notre FAQ pour obtenir des r\u00e9ponses aux questions les plus fr\u00e9quentes.\",\"breadcrumb\":{\"@id\":\"https:\/\/onlinepromosaver.com\/fr\/faqs\/#breadcrumb\"},\"inLanguage\":\"en-US\",\"potentialAction\":[{\"@type\":\"ReadAction\",\"target\":[\"https:\/\/onlinepromosaver.com\/fr\/faqs\/\"]}]},{\"@type\":\"BreadcrumbList\",\"@id\":\"https:\/\/onlinepromosaver.com\/fr\/faqs\/#breadcrumb\",\"itemListElement\":[{\"@type\":\"ListItem\",\"position\":1,\"name\":\"Home\",\"item\":\"https:\/\/onlinepromosaver.com\/fr\/\"},{\"@type\":\"ListItem\",\"position\":2,\"name\":\"FAQs\"}]},{\"@type\":\"WebSite\",\"@id\":\"https:\/\/onlinepromosaver.com\/fr\/#website\",\"url\":\"https:\/\/onlinepromosaver.com\/fr\/\",\"name\":\"Top Promo Codes FR\",\"description\":\"\",\"potentialAction\":[{\"@type\":\"SearchAction\",\"target\":{\"@type\":\"EntryPoint\",\"urlTemplate\":\"https:\/\/onlinepromosaver.com\/fr\/?s={search_term_string}\"},\"query-input\":{\"@type\":\"PropertyValueSpecification\",\"valueRequired\":true,\"valueName\":\"search_term_string\"}}],\"inLanguage\":\"en-US\"}]}<\/script>\n<!-- \/ Yoast SEO plugin. -->","yoast_head_json":{"title":"Foire aux questions - OnlinePromoSaver FR","description":"Vous avez des questions sur l'utilisation d'OnlinePromoSaver FR ou la recherche de bons plans\u00a0? Consultez notre FAQ pour obtenir des r\u00e9ponses aux questions les plus fr\u00e9quentes.","robots":{"index":"index","follow":"follow","max-snippet":"max-snippet:-1","max-image-preview":"max-image-preview:large","max-video-preview":"max-video-preview:-1"},"canonical":"https:\/\/onlinepromosaver.com\/fr\/faqs\/","og_locale":"en_US","og_type":"article","og_title":"Foire aux questions - OnlinePromoSaver FR","og_description":"Vous avez des questions sur l'utilisation d'OnlinePromoSaver FR ou la recherche de bons plans\u00a0? Consultez notre FAQ pour obtenir des r\u00e9ponses aux questions les plus fr\u00e9quentes.","og_url":"https:\/\/onlinepromosaver.com\/fr\/faqs\/","og_site_name":"Top Promo Codes FR","article_modified_time":"2025-11-05T12:11:48+00:00","twitter_card":"summary_large_image","twitter_misc":{"Est. reading time":"1 minute"},"schema":{"@context":"https:\/\/schema.org","@graph":[{"@type":"WebPage","@id":"https:\/\/onlinepromosaver.com\/fr\/faqs\/","url":"https:\/\/onlinepromosaver.com\/fr\/faqs\/","name":"Foire aux questions - OnlinePromoSaver FR","isPartOf":{"@id":"https:\/\/onlinepromosaver.com\/fr\/#website"},"datePublished":"2024-12-03T13:24:08+00:00","dateModified":"2025-11-05T12:11:48+00:00","description":"Vous avez des questions sur l'utilisation d'OnlinePromoSaver FR ou la recherche de bons plans\u00a0? Consultez notre FAQ pour obtenir des r\u00e9ponses aux questions les plus fr\u00e9quentes.","breadcrumb":{"@id":"https:\/\/onlinepromosaver.com\/fr\/faqs\/#breadcrumb"},"inLanguage":"en-US","potentialAction":[{"@type":"ReadAction","target":["https:\/\/onlinepromosaver.com\/fr\/faqs\/"]}]},{"@type":"BreadcrumbList","@id":"https:\/\/onlinepromosaver.com\/fr\/faqs\/#breadcrumb","itemListElement":[{"@type":"ListItem","position":1,"name":"Home","item":"https:\/\/onlinepromosaver.com\/fr\/"},{"@type":"ListItem","position":2,"name":"FAQs"}]},{"@type":"WebSite","@id":"https:\/\/onlinepromosaver.com\/fr\/#website","url":"https:\/\/onlinepromosaver.com\/fr\/","name":"Top Promo Codes FR","description":"","potentialAction":[{"@type":"SearchAction","target":{"@type":"EntryPoint","urlTemplate":"https:\/\/onlinepromosaver.com\/fr\/?s={search_term_string}"},"query-input":{"@type":"PropertyValueSpecification","valueRequired":true,"valueName":"search_term_string"}}],"inLanguage":"en-US"}]}},"_links":{"self":[{"href":"https:\/\/onlinepromosaver.com\/fr\/wp-json\/wp\/v2\/pages\/510","targetHints":{"allow":["GET"]}}],"collection":[{"href":"https:\/\/onlinepromosaver.com\/fr\/wp-json\/wp\/v2\/pages"}],"about":[{"href":"https:\/\/onlinepromosaver.com\/fr\/wp-json\/wp\/v2\/types\/page"}],"author":[{"embeddable":true,"href":"https:\/\/onlinepromosaver.com\/fr\/wp-json\/wp\/v2\/users\/5"}],"replies":[{"embeddable":true,"href":"https:\/\/onlinepromosaver.com\/fr\/wp-json\/wp\/v2\/comments?post=510"}],"version-history":[{"count":2,"href":"https:\/\/onlinepromosaver.com\/fr\/wp-json\/wp\/v2\/pages\/510\/revisions"}],"predecessor-version":[{"id":1638,"href":"https:\/\/onlinepromosaver.com\/fr\/wp-json\/wp\/v2\/pages\/510\/revisions\/1638"}],"wp:attachment":[{"href":"https:\/\/onlinepromosaver.com\/fr\/wp-json\/wp\/v2\/media?parent=510"}],"curies":[{"name":"wp","href":"https:\/\/api.w.org\/{rel}","templated":true}]}}