{"id":518,"date":"2024-12-04T09:13:01","date_gmt":"2024-12-04T09:13:01","guid":{"rendered":"https:\/\/onlinepromosaver.com\/us\/?page_id=518"},"modified":"2025-11-05T12:12:59","modified_gmt":"2025-11-05T12:12:59","slug":"contact-us","status":"publish","type":"page","link":"https:\/\/onlinepromosaver.com\/fr\/contact-us\/","title":{"rendered":"Contactez-nous"},"content":{"rendered":"","protected":false},"excerpt":{"rendered":"","protected":false},"author":5,"featured_media":0,"parent":0,"menu_order":0,"comment_status":"closed","ping_status":"closed","template":"pages\/pages-template.php","meta":{"_acf_changed":false,"footnotes":""},"class_list":["post-518","page","type-page","status-publish","hentry"],"acf":[],"yoast_head":"<!-- This site is optimized with the Yoast SEO plugin v25.8 - https:\/\/yoast.com\/wordpress\/plugins\/seo\/ -->\n<title>Nous contacter | Prenez contact avec OnlinePromoSaver<\/title>\n<meta name=\"description\" content=\"Vous avez des questions ou besoin d&#039;aide\u00a0? Contactez OnlinePromoSaver d\u00e8s aujourd&#039;hui par t\u00e9l\u00e9phone, par courriel ou via notre formulaire de contact. Nous sommes l\u00e0 pour vous aider\u00a0!\" \/>\n<meta name=\"robots\" content=\"index, follow, max-snippet:-1, max-image-preview:large, max-video-preview:-1\" \/>\n<link rel=\"canonical\" href=\"https:\/\/onlinepromosaver.com\/fr\/contact-us\/\" \/>\n<meta property=\"og:locale\" content=\"en_US\" \/>\n<meta property=\"og:type\" content=\"article\" \/>\n<meta property=\"og:title\" content=\"Nous contacter | Prenez contact avec OnlinePromoSaver\" \/>\n<meta property=\"og:description\" content=\"Vous avez des questions ou besoin d&#039;aide\u00a0? Contactez OnlinePromoSaver d\u00e8s aujourd&#039;hui par t\u00e9l\u00e9phone, par courriel ou via notre formulaire de contact. Nous sommes l\u00e0 pour vous aider\u00a0!\" \/>\n<meta property=\"og:url\" content=\"https:\/\/onlinepromosaver.com\/fr\/contact-us\/\" \/>\n<meta property=\"og:site_name\" content=\"Top Promo Codes FR\" \/>\n<meta property=\"article:modified_time\" content=\"2025-11-05T12:12:59+00:00\" \/>\n<meta name=\"twitter:card\" content=\"summary_large_image\" \/>\n<script type=\"application\/ld+json\" class=\"yoast-schema-graph\">{\"@context\":\"https:\/\/schema.org\",\"@graph\":[{\"@type\":\"WebPage\",\"@id\":\"https:\/\/onlinepromosaver.com\/fr\/contact-us\/\",\"url\":\"https:\/\/onlinepromosaver.com\/fr\/contact-us\/\",\"name\":\"Nous contacter | Prenez contact avec OnlinePromoSaver\",\"isPartOf\":{\"@id\":\"https:\/\/onlinepromosaver.com\/fr\/#website\"},\"datePublished\":\"2024-12-04T09:13:01+00:00\",\"dateModified\":\"2025-11-05T12:12:59+00:00\",\"description\":\"Vous avez des questions ou besoin d'aide\u00a0? Contactez OnlinePromoSaver d\u00e8s aujourd'hui par t\u00e9l\u00e9phone, par courriel ou via notre formulaire de contact. Nous sommes l\u00e0 pour vous aider\u00a0!\",\"breadcrumb\":{\"@id\":\"https:\/\/onlinepromosaver.com\/fr\/contact-us\/#breadcrumb\"},\"inLanguage\":\"en-US\",\"potentialAction\":[{\"@type\":\"ReadAction\",\"target\":[\"https:\/\/onlinepromosaver.com\/fr\/contact-us\/\"]}]},{\"@type\":\"BreadcrumbList\",\"@id\":\"https:\/\/onlinepromosaver.com\/fr\/contact-us\/#breadcrumb\",\"itemListElement\":[{\"@type\":\"ListItem\",\"position\":1,\"name\":\"Home\",\"item\":\"https:\/\/onlinepromosaver.com\/fr\/\"},{\"@type\":\"ListItem\",\"position\":2,\"name\":\"Contactez-nous\"}]},{\"@type\":\"WebSite\",\"@id\":\"https:\/\/onlinepromosaver.com\/fr\/#website\",\"url\":\"https:\/\/onlinepromosaver.com\/fr\/\",\"name\":\"Top Promo Codes FR\",\"description\":\"\",\"potentialAction\":[{\"@type\":\"SearchAction\",\"target\":{\"@type\":\"EntryPoint\",\"urlTemplate\":\"https:\/\/onlinepromosaver.com\/fr\/?s={search_term_string}\"},\"query-input\":{\"@type\":\"PropertyValueSpecification\",\"valueRequired\":true,\"valueName\":\"search_term_string\"}}],\"inLanguage\":\"en-US\"}]}<\/script>\n<!-- \/ Yoast SEO plugin. -->","yoast_head_json":{"title":"Nous contacter | Prenez contact avec OnlinePromoSaver","description":"Vous avez des questions ou besoin d'aide\u00a0? Contactez OnlinePromoSaver d\u00e8s aujourd'hui par t\u00e9l\u00e9phone, par courriel ou via notre formulaire de contact. Nous sommes l\u00e0 pour vous aider\u00a0!","robots":{"index":"index","follow":"follow","max-snippet":"max-snippet:-1","max-image-preview":"max-image-preview:large","max-video-preview":"max-video-preview:-1"},"canonical":"https:\/\/onlinepromosaver.com\/fr\/contact-us\/","og_locale":"en_US","og_type":"article","og_title":"Nous contacter | Prenez contact avec OnlinePromoSaver","og_description":"Vous avez des questions ou besoin d'aide\u00a0? Contactez OnlinePromoSaver d\u00e8s aujourd'hui par t\u00e9l\u00e9phone, par courriel ou via notre formulaire de contact. Nous sommes l\u00e0 pour vous aider\u00a0!","og_url":"https:\/\/onlinepromosaver.com\/fr\/contact-us\/","og_site_name":"Top Promo Codes FR","article_modified_time":"2025-11-05T12:12:59+00:00","twitter_card":"summary_large_image","schema":{"@context":"https:\/\/schema.org","@graph":[{"@type":"WebPage","@id":"https:\/\/onlinepromosaver.com\/fr\/contact-us\/","url":"https:\/\/onlinepromosaver.com\/fr\/contact-us\/","name":"Nous contacter | Prenez contact avec OnlinePromoSaver","isPartOf":{"@id":"https:\/\/onlinepromosaver.com\/fr\/#website"},"datePublished":"2024-12-04T09:13:01+00:00","dateModified":"2025-11-05T12:12:59+00:00","description":"Vous avez des questions ou besoin d'aide\u00a0? Contactez OnlinePromoSaver d\u00e8s aujourd'hui par t\u00e9l\u00e9phone, par courriel ou via notre formulaire de contact. Nous sommes l\u00e0 pour vous aider\u00a0!","breadcrumb":{"@id":"https:\/\/onlinepromosaver.com\/fr\/contact-us\/#breadcrumb"},"inLanguage":"en-US","potentialAction":[{"@type":"ReadAction","target":["https:\/\/onlinepromosaver.com\/fr\/contact-us\/"]}]},{"@type":"BreadcrumbList","@id":"https:\/\/onlinepromosaver.com\/fr\/contact-us\/#breadcrumb","itemListElement":[{"@type":"ListItem","position":1,"name":"Home","item":"https:\/\/onlinepromosaver.com\/fr\/"},{"@type":"ListItem","position":2,"name":"Contactez-nous"}]},{"@type":"WebSite","@id":"https:\/\/onlinepromosaver.com\/fr\/#website","url":"https:\/\/onlinepromosaver.com\/fr\/","name":"Top Promo Codes FR","description":"","potentialAction":[{"@type":"SearchAction","target":{"@type":"EntryPoint","urlTemplate":"https:\/\/onlinepromosaver.com\/fr\/?s={search_term_string}"},"query-input":{"@type":"PropertyValueSpecification","valueRequired":true,"valueName":"search_term_string"}}],"inLanguage":"en-US"}]}},"_links":{"self":[{"href":"https:\/\/onlinepromosaver.com\/fr\/wp-json\/wp\/v2\/pages\/518","targetHints":{"allow":["GET"]}}],"collection":[{"href":"https:\/\/onlinepromosaver.com\/fr\/wp-json\/wp\/v2\/pages"}],"about":[{"href":"https:\/\/onlinepromosaver.com\/fr\/wp-json\/wp\/v2\/types\/page"}],"author":[{"embeddable":true,"href":"https:\/\/onlinepromosaver.com\/fr\/wp-json\/wp\/v2\/users\/5"}],"replies":[{"embeddable":true,"href":"https:\/\/onlinepromosaver.com\/fr\/wp-json\/wp\/v2\/comments?post=518"}],"version-history":[{"count":2,"href":"https:\/\/onlinepromosaver.com\/fr\/wp-json\/wp\/v2\/pages\/518\/revisions"}],"predecessor-version":[{"id":1640,"href":"https:\/\/onlinepromosaver.com\/fr\/wp-json\/wp\/v2\/pages\/518\/revisions\/1640"}],"wp:attachment":[{"href":"https:\/\/onlinepromosaver.com\/fr\/wp-json\/wp\/v2\/media?parent=518"}],"curies":[{"name":"wp","href":"https:\/\/api.w.org\/{rel}","templated":true}]}}