{"id":508,"date":"2024-12-03T13:23:49","date_gmt":"2024-12-03T13:23:49","guid":{"rendered":"https:\/\/onlinepromosaver.com\/us\/?page_id=508"},"modified":"2025-11-05T10:28:46","modified_gmt":"2025-11-05T10:28:46","slug":"about","status":"publish","type":"page","link":"https:\/\/onlinepromosaver.com\/no\/about\/","title":{"rendered":"Om"},"content":{"rendered":"<h2>Om oss<\/h2>\n<p><span style=\"font-weight: 400;\">P\u00e5 <\/span><a href=\"https:\/\/onlinepromosaver.com\/no\/\"><span style=\"font-weight: 400;\"><em>OnlinePromoSaver<\/em><\/span><\/a><span style=\"font-weight: 400;\">, Vi er dedikert til \u00e5 forenkle handleopplevelsen din ved \u00e5 tilby kupp og gode tilbud p\u00e5 produktene du elsker. Vi vet hvor overveldende det kan v\u00e6re \u00e5 bla gjennom utallige salg og kampanjer, s\u00e5 vi har laget en komplett plattform hvor du raskt og enkelt kan finne de beste rabattene. Vi har som m\u00e5l \u00e5 s\u00f8rge for at du alltid handler smartere, og sparer tid og penger med hvert kj\u00f8p.<\/span><\/p>\n<h3>V\u00e5rt oppdrag<\/h3>\n<p>\u00c5 gj\u00f8re shopping rimeligere og mer effektivt ved \u00e5 tilby forbrukerne de mest relevante og spennende rabattene, alt p\u00e5 \u00e9n praktisk plattform. Vi er opptatt av \u00e5 hjelpe deg med \u00e5 oppdage de beste tilbudene p\u00e5 alt fra mote til teknologi, reiser til husholdningsartikler \u2013 slik at du kan f\u00e5 mer for pengene.<\/p>\n<h3>V\u00e5r visjon<\/h3>\n<p>\u00c5 omdefinere hvordan folk handler ved \u00e5 skape en plattform der alle kunder enkelt kan finne og nyte de beste tilbudene som er tilgjengelige. Vi har som m\u00e5l \u00e5 bli den mest p\u00e5litelige og omfattende kilden for rabatter p\u00e5 nett, noe som gj\u00f8r oss til det f\u00f8rste stedet folk henvender seg til n\u00e5r de vil spare.<\/p>\n<h3>V\u00e5re verdier<\/h3>\n<ul>\n<li style=\"font-weight: 400;\"><strong>Enkelhet:<\/strong> Vi mener at det skal v\u00e6re enkelt \u00e5 spare, s\u00e5 vi forenkler prosessen og gj\u00f8r det s\u00e5 enkelt som mulig \u00e5 finne rabatter.<\/li>\n<li style=\"font-weight: 400;\"><strong>Integritet:<\/strong> Vi gir brukerne v\u00e5re n\u00f8yaktig, transparent og p\u00e5litelig informasjon om alle tilbud.<\/li>\n<li style=\"font-weight: 400;\"><strong>Kundefokusert:<\/strong> Din tilfredshet er kjernen i det vi gj\u00f8r. Vi lytter til dine behov og forbedrer oss kontinuerlig for \u00e5 kunne betjene deg bedre.<\/li>\n<li style=\"font-weight: 400;\"><strong>Innovasjon:<\/strong> Vi omfavner teknologi og innovasjon for \u00e5 forbedre handleopplevelsen din og holde oss i forkant i tilbudsverdenen.<\/li>\n<li style=\"font-weight: 400;\"><strong>Fellesskap:<\/strong> Vi er forpliktet til \u00e5 bygge et fellesskap av smarte kunder som deler, l\u00e6rer og sparer sammen.<\/li>\n<\/ul>\n<h3>Hvorfor velge oss?<\/h3>\n<p>Vi tror p\u00e5 \u00e5 forenkle sparing. V\u00e5re ekspertutvalgte utvalg har som m\u00e5l \u00e5 levere personlige tilbud og rabatter i sanntid fra toppmerker. Teamet v\u00e5rt er alltid p\u00e5 jakt etter nye muligheter, slik at du kan nyte eksklusive tilbud, lyntilbud og sesongbaserte kampanjer.<\/p>\n<ul>\n<li style=\"font-weight: 400;\"><strong>Omfattende utvalg:<\/strong> Vi tilbyr rabatter i en rekke kategorier, fra elektronikk til hverdagsartikler.<\/li>\n<li style=\"font-weight: 400;\"><strong>Autentiske og bekreftede tilbud:<\/strong> Alle tilbud p\u00e5 nettstedet v\u00e5rt blir grundig sjekket, slik at du kan stole p\u00e5 at du f\u00e5r best mulig verdi.<\/li>\n<li style=\"font-weight: 400;\"><strong>Enkel navigasjon:<\/strong> Nettstedet v\u00e5rt er designet for enkelhets skyld \u2013 finn raskt de beste tilbudene uten problemer.<\/li>\n<li style=\"font-weight: 400;\"><strong>Alltid oppdatert:<\/strong> Vi oppdaterer tilbudene v\u00e5re kontinuerlig for \u00e5 sikre at du aldri g\u00e5r glipp av en mulighet til \u00e5 spare.<\/li>\n<\/ul>\n","protected":false},"excerpt":{"rendered":"<p>Om oss P\u00e5 OnlinePromoSaver, Vi er dedikert til \u00e5 forenkle handleopplevelsen din ved \u00e5 tilby kupp og gode tilbud p\u00e5 produktene du elsker. Vi vet hvor overveldende det kan v\u00e6re \u00e5 bla gjennom utallige salg og kampanjer, s\u00e5 vi har laget en komplett plattform hvor du raskt og enkelt kan finne de beste rabattene. Vi [&hellip;]<\/p>\n","protected":false},"author":5,"featured_media":0,"parent":0,"menu_order":0,"comment_status":"closed","ping_status":"closed","template":"","meta":{"_acf_changed":false,"footnotes":""},"class_list":["post-508","page","type-page","status-publish","hentry"],"acf":[],"yoast_head":"<!-- This site is optimized with the Yoast SEO plugin v25.8 - https:\/\/yoast.com\/wordpress\/plugins\/seo\/ -->\n<title>Om oss | L\u00e6r mer om v\u00e5rt oppdrag og team<\/title>\n<meta name=\"description\" content=\"Oppdag oppdraget bak OnlinePromoSaver NO. L\u00e6r hvordan vi hjelper deg med \u00e5 finne de beste tilbudene i USA for \u00e5 spare penger p\u00e5 topprangerte merker.\" \/>\n<meta name=\"robots\" content=\"index, follow, max-snippet:-1, max-image-preview:large, max-video-preview:-1\" \/>\n<link rel=\"canonical\" href=\"https:\/\/onlinepromosaver.com\/no\/about\/\" \/>\n<meta property=\"og:locale\" content=\"en_US\" \/>\n<meta property=\"og:type\" content=\"article\" \/>\n<meta property=\"og:title\" content=\"Om oss | L\u00e6r mer om v\u00e5rt oppdrag og team\" \/>\n<meta property=\"og:description\" content=\"Oppdag oppdraget bak OnlinePromoSaver NO. L\u00e6r hvordan vi hjelper deg med \u00e5 finne de beste tilbudene i USA for \u00e5 spare penger p\u00e5 topprangerte merker.\" \/>\n<meta property=\"og:url\" content=\"https:\/\/onlinepromosaver.com\/no\/about\/\" \/>\n<meta property=\"og:site_name\" content=\"Top Promo Codes NO\" \/>\n<meta property=\"article:modified_time\" content=\"2025-11-05T10:28:46+00:00\" \/>\n<meta name=\"twitter:card\" content=\"summary_large_image\" \/>\n<meta name=\"twitter:label1\" content=\"Est. reading time\" \/>\n\t<meta name=\"twitter:data1\" content=\"2 minutes\" \/>\n<script type=\"application\/ld+json\" class=\"yoast-schema-graph\">{\"@context\":\"https:\/\/schema.org\",\"@graph\":[{\"@type\":\"WebPage\",\"@id\":\"https:\/\/onlinepromosaver.com\/no\/about\/\",\"url\":\"https:\/\/onlinepromosaver.com\/no\/about\/\",\"name\":\"Om oss | L\u00e6r mer om v\u00e5rt oppdrag og team\",\"isPartOf\":{\"@id\":\"https:\/\/onlinepromosaver.com\/no\/#website\"},\"datePublished\":\"2024-12-03T13:23:49+00:00\",\"dateModified\":\"2025-11-05T10:28:46+00:00\",\"description\":\"Oppdag oppdraget bak OnlinePromoSaver NO. L\u00e6r hvordan vi hjelper deg med \u00e5 finne de beste tilbudene i USA for \u00e5 spare penger p\u00e5 topprangerte merker.\",\"breadcrumb\":{\"@id\":\"https:\/\/onlinepromosaver.com\/no\/about\/#breadcrumb\"},\"inLanguage\":\"en-US\",\"potentialAction\":[{\"@type\":\"ReadAction\",\"target\":[\"https:\/\/onlinepromosaver.com\/no\/about\/\"]}]},{\"@type\":\"BreadcrumbList\",\"@id\":\"https:\/\/onlinepromosaver.com\/no\/about\/#breadcrumb\",\"itemListElement\":[{\"@type\":\"ListItem\",\"position\":1,\"name\":\"Home\",\"item\":\"https:\/\/onlinepromosaver.com\/no\/\"},{\"@type\":\"ListItem\",\"position\":2,\"name\":\"Om\"}]},{\"@type\":\"WebSite\",\"@id\":\"https:\/\/onlinepromosaver.com\/no\/#website\",\"url\":\"https:\/\/onlinepromosaver.com\/no\/\",\"name\":\"Top Promo Codes NO\",\"description\":\"\",\"potentialAction\":[{\"@type\":\"SearchAction\",\"target\":{\"@type\":\"EntryPoint\",\"urlTemplate\":\"https:\/\/onlinepromosaver.com\/no\/?s={search_term_string}\"},\"query-input\":{\"@type\":\"PropertyValueSpecification\",\"valueRequired\":true,\"valueName\":\"search_term_string\"}}],\"inLanguage\":\"en-US\"}]}<\/script>\n<!-- \/ Yoast SEO plugin. -->","yoast_head_json":{"title":"Om oss | L\u00e6r mer om v\u00e5rt oppdrag og team","description":"Oppdag oppdraget bak OnlinePromoSaver NO. L\u00e6r hvordan vi hjelper deg med \u00e5 finne de beste tilbudene i USA for \u00e5 spare penger p\u00e5 topprangerte merker.","robots":{"index":"index","follow":"follow","max-snippet":"max-snippet:-1","max-image-preview":"max-image-preview:large","max-video-preview":"max-video-preview:-1"},"canonical":"https:\/\/onlinepromosaver.com\/no\/about\/","og_locale":"en_US","og_type":"article","og_title":"Om oss | L\u00e6r mer om v\u00e5rt oppdrag og team","og_description":"Oppdag oppdraget bak OnlinePromoSaver NO. L\u00e6r hvordan vi hjelper deg med \u00e5 finne de beste tilbudene i USA for \u00e5 spare penger p\u00e5 topprangerte merker.","og_url":"https:\/\/onlinepromosaver.com\/no\/about\/","og_site_name":"Top Promo Codes NO","article_modified_time":"2025-11-05T10:28:46+00:00","twitter_card":"summary_large_image","twitter_misc":{"Est. reading time":"2 minutes"},"schema":{"@context":"https:\/\/schema.org","@graph":[{"@type":"WebPage","@id":"https:\/\/onlinepromosaver.com\/no\/about\/","url":"https:\/\/onlinepromosaver.com\/no\/about\/","name":"Om oss | L\u00e6r mer om v\u00e5rt oppdrag og team","isPartOf":{"@id":"https:\/\/onlinepromosaver.com\/no\/#website"},"datePublished":"2024-12-03T13:23:49+00:00","dateModified":"2025-11-05T10:28:46+00:00","description":"Oppdag oppdraget bak OnlinePromoSaver NO. L\u00e6r hvordan vi hjelper deg med \u00e5 finne de beste tilbudene i USA for \u00e5 spare penger p\u00e5 topprangerte merker.","breadcrumb":{"@id":"https:\/\/onlinepromosaver.com\/no\/about\/#breadcrumb"},"inLanguage":"en-US","potentialAction":[{"@type":"ReadAction","target":["https:\/\/onlinepromosaver.com\/no\/about\/"]}]},{"@type":"BreadcrumbList","@id":"https:\/\/onlinepromosaver.com\/no\/about\/#breadcrumb","itemListElement":[{"@type":"ListItem","position":1,"name":"Home","item":"https:\/\/onlinepromosaver.com\/no\/"},{"@type":"ListItem","position":2,"name":"Om"}]},{"@type":"WebSite","@id":"https:\/\/onlinepromosaver.com\/no\/#website","url":"https:\/\/onlinepromosaver.com\/no\/","name":"Top Promo Codes NO","description":"","potentialAction":[{"@type":"SearchAction","target":{"@type":"EntryPoint","urlTemplate":"https:\/\/onlinepromosaver.com\/no\/?s={search_term_string}"},"query-input":{"@type":"PropertyValueSpecification","valueRequired":true,"valueName":"search_term_string"}}],"inLanguage":"en-US"}]}},"_links":{"self":[{"href":"https:\/\/onlinepromosaver.com\/no\/wp-json\/wp\/v2\/pages\/508","targetHints":{"allow":["GET"]}}],"collection":[{"href":"https:\/\/onlinepromosaver.com\/no\/wp-json\/wp\/v2\/pages"}],"about":[{"href":"https:\/\/onlinepromosaver.com\/no\/wp-json\/wp\/v2\/types\/page"}],"author":[{"embeddable":true,"href":"https:\/\/onlinepromosaver.com\/no\/wp-json\/wp\/v2\/users\/5"}],"replies":[{"embeddable":true,"href":"https:\/\/onlinepromosaver.com\/no\/wp-json\/wp\/v2\/comments?post=508"}],"version-history":[{"count":2,"href":"https:\/\/onlinepromosaver.com\/no\/wp-json\/wp\/v2\/pages\/508\/revisions"}],"predecessor-version":[{"id":703,"href":"https:\/\/onlinepromosaver.com\/no\/wp-json\/wp\/v2\/pages\/508\/revisions\/703"}],"wp:attachment":[{"href":"https:\/\/onlinepromosaver.com\/no\/wp-json\/wp\/v2\/media?parent=508"}],"curies":[{"name":"wp","href":"https:\/\/api.w.org\/{rel}","templated":true}]}}