{"id":512,"date":"2024-12-03T13:24:38","date_gmt":"2024-12-03T13:24:38","guid":{"rendered":"https:\/\/onlinepromosaver.com\/us\/?page_id=512"},"modified":"2025-11-05T10:18:22","modified_gmt":"2025-11-05T10:18:22","slug":"privacy-policy","status":"publish","type":"page","link":"https:\/\/onlinepromosaver.com\/no\/privacy-policy\/","title":{"rendered":"Personvernerkl\u00e6ring"},"content":{"rendered":"<h2>Vilk\u00e5r og personvernregler<\/h2>\n<p>Velkommen til OnlinePromoSaver. Disse vilk\u00e5rene regulerer din bruk av nettstedet til OnlinePromoSaver og tjenestene v\u00e5re (\u00abTjenesten\u00bb). Du godtar disse vilk\u00e5rene ved \u00e5 bruke tjenesten, s\u00e5 vennligst les dem n\u00f8ye f\u00f8r du starter.<\/p>\n<h3>Bruk av tjenesten:<\/h3>\n<p>Tjenesten v\u00e5r er utelukkende ment for personlig og ikke-kommersiell bruk. Uten v\u00e5r skriftlige forh\u00e5ndsgodkjenning kan du ikke bruke den til noe annet form\u00e5l. Du samtykker i \u00e5 ikke delta i ulovlig aktivitet eller bruke tjenesten p\u00e5 en m\u00e5te som kan skade, forstyrre eller overbelaste den.<\/p>\n<h3>Bruksdata:<\/h3>\n<p>Vi samler automatisk inn informasjon n\u00e5r du bruker tjenesten v\u00e5r, for eksempel enhetens IP-adresse, nettlesertype, bes\u00f8kte sider og tiden du bruker p\u00e5 dem. Hvis du bruker tjenesten v\u00e5r fra en mobil enhet, kan vi ogs\u00e5 samle inn enhetsspesifikke data, for eksempel mobilens operativsystem, nettlesertype og unike enhetsidentifikatorer. Disse dataene hjelper oss med \u00e5 forbedre tjenesten v\u00e5r og analysere brukstrender.<\/p>\n<h3>Sporingsteknologier og informasjonskapsler:<\/h3>\n<p>Vi bruker sporingsteknologier, inkludert informasjonskapsler, beacons og skript, for \u00e5 forbedre tjenesten og analysere brukeratferd. Informasjonskapsler er sm\u00e5 filer som plasseres p\u00e5 enheten din, som du kan avsl\u00e5 eller angi varsler for. Hvis du blokkerer informasjonskapsler, kan det hende at noen funksjoner i tjenesten v\u00e5r ikke fungerer. Vi bruker ogs\u00e5 web beacons i e-poster og p\u00e5 bestemte sider for \u00e5 spore aktivitet og samle inn statistikk for \u00e5 forbedre plattformen v\u00e5r.<\/p>\n<h3>Ansvarsfraskrivelser:<\/h3>\n<p>Tjenesten leveres &#8220;som den er&#8221; uten uttrykkelige eller underforst\u00e5tte garantier, inkludert, men ikke begrenset til, underforst\u00e5tte garantier for egnethet for et bestemt form\u00e5l. Topp kampanjekoder garanterer ikke uavbrutt tilgang, feilfri drift eller at tjenesten v\u00e5r er fri for skadelige komponenter som virus. Vi gir heller ingen garantier for n\u00f8yaktigheten eller p\u00e5liteligheten til tjenesten.<\/p>\n<h3>Sikkerhet for personopplysninger:<\/h3>\n<p>Vi tar datasikkerheten din p\u00e5 alvor, men det er viktig \u00e5 merke seg at ingen overf\u00f8rings- eller lagringsmetoder er 100 % sikre. Selv om vi pr\u00f8ver \u00e5 beskytte informasjonen din, kan vi ikke garantere dens absolutte sikkerhet.<\/p>\n<h3>Ansvarsbegrensning:<\/h3>\n<p>Jeg ville bare gi deg beskjed om at OnlinePromoSaver ikke er ansvarlig for direkte eller indirekte skader for\u00e5rsaket av din bruk av tjenesten. Dette inkluderer tap knyttet til fortjeneste, data, goodwill eller andre immaterielle eiendeler, selv om vi var klar over muligheten for slike tap.<\/p>\n<h3>Affiliate-lenker:<\/h3>\n<p>OnlinePromoSaver deltar i ulike affiliate-programmer. Dette betyr at hvis du klikker p\u00e5 bestemte lenker og foretar et kj\u00f8p, kan vi motta en provisjon uten ekstra kostnad for deg. Vi anbefaler kun produkter og tjenester vi virkelig tror p\u00e5, basert p\u00e5 verdien de tilbyr brukerne v\u00e5re.<\/p>\n<h3>Returer, godkjenninger og intet eierskap:<\/h3>\n<ul>\n<li style=\"font-weight: 400;\"><strong>Returer:<\/strong> Vi selger ikke fysiske produkter og kan derfor ikke godta returer eller utstede refusjoner for varer kj\u00f8pt via affiliate-lenker. Returer m\u00e5 adresseres direkte til den respektive selgeren.<\/li>\n<li style=\"font-weight: 400;\"><strong>Godkjenninger:<\/strong> Vi verken st\u00f8tter eller garanterer kvaliteten p\u00e5 produkter eller tjenester som er tilgjengelige via v\u00e5re affiliate-lenker. Du kan ta kj\u00f8psbeslutninger helt p\u00e5 egen risiko.<\/li>\n<li style=\"font-weight: 400;\"><strong>Ingen eierskap:<\/strong> Vi gj\u00f8r ikke krav p\u00e5 eierskap til noen produkter eller tjenester som selges via affiliate-lenker. Ansvaret for disse produktene ligger hos den respektive selgeren eller tjenesteleverand\u00f8ren.<\/li>\n<\/ul>\n<h3>Kampanjen avsluttes:<\/h3>\n<p>Vi har rett til \u00e5 endre eller avslutte enhver kampanje uten forvarsel. Hvis en kampanje endres eller avsluttes mens du innl\u00f8ser den, er vi ikke ansvarlige for eventuelle ulemper eller tap vi har for\u00e5rsaket.<\/p>\n<h3>E-postmarkedsf\u00f8ring:<\/h3>\n<p>Vi kan bruke kontaktinformasjonen din til \u00e5 sende deg nyhetsbrev, reklamemateriell og oppdateringer om tilbud som kan v\u00e6re av interesse for deg. Du kan n\u00e5r som helst velge bort denne kommunikasjonen ved \u00e5 f\u00f8lge instruksjonene i e-postene v\u00e5re eller kontakte oss direkte.<\/p>\n<h3>Regler for oppf\u00f8rsel:<\/h3>\n<ul>\n<li><strong>Forbudte aktiviteter:<\/strong> Du samtykker i \u00e5 ikke bruke tjenesten til ulovlige eller skadelige aktiviteter, inkludert trakassering, svindel eller hatefulle ytringer.<\/li>\n<li><strong>Brukerinnhold:<\/strong> Du er ansvarlig for alt innhold du laster opp eller legger ut. Du samtykker i \u00e5 ikke laste opp noe uanstendig, st\u00f8tende eller som krenker andres rettigheter.<\/li>\n<li><strong>Vennligst overhold lovene:<\/strong> Du m\u00e5 overholde alle relevante lover n\u00e5r du bruker tjenesten v\u00e5r.<\/li>\n<li><strong>Uautorisert tilgang:<\/strong> Du har ikke lov til \u00e5 fors\u00f8ke \u00e5 f\u00e5 tilgang til kontoer eller data uten tillatelse.<\/li>\n<li><strong>Spam og reklame:<\/strong> Spamming, phishing eller sending av u\u00f8nsket reklame er ikke tillatt p\u00e5 plattformen v\u00e5r.<\/li>\n<li><strong>Imitasjon:<\/strong> Du kan ikke falskt fremstille deg selv eller noen annen enhet.<\/li>\n<li><strong>Misbruk av ressurser:<\/strong> Ikke delta i aktiviteter som kan skade, overbelaste eller deaktivere tjenesten eller nettverkene v\u00e5re.<\/li>\n<li><strong>Rapportering:<\/strong> Hvis du observerer en bruker som bryter disse retningslinjene, vennligst rapporter det til oss.<\/li>\n<li><strong>Konsekvenser:<\/strong> Brudd p\u00e5 disse reglene kan f\u00f8re til oppsigelse av kontoen og potensielt rettslige skritt.<\/li>\n<\/ul>\n<h3>De beste kampanjekodenes forpliktelse til GDPR \u2013 EU &amp; UK<\/h3>\n<p>Vi respekterer personvernet til v\u00e5re brukere i EU og overholder personvernforordningen (GDPR) fullt ut.<\/p>\n<p><em>Slik beskytter vi dataene dine:<\/em><\/p>\n<ul>\n<li><strong>\u00c5penhet:<\/strong> Vi samler kun inn viktige data for \u00e5 tilby tjenestene v\u00e5re (som e-postadressen din for \u00e5 sende tilbud med ditt samtykke).<\/li>\n<li><strong>Brukerkontroll:<\/strong> Du har full kontroll over dine personopplysninger, inkludert rett til \u00e5 f\u00e5 tilgang til, korrigere eller slette dem.<\/li>\n<li><strong>Sikkerhet:<\/strong> Vi bruker robuste sikkerhetstiltak for \u00e5 beskytte dataene dine mot uautorisert tilgang.<\/li>\n<\/ul>\n<p><em>Hvis du har sp\u00f8rsm\u00e5l om v\u00e5r GDPR-praksis, kan du gjerne kontakte oss.<\/em><\/p>\n<h3>Forpliktelse til ditt personvern<\/h3>\n<p>Hos OnlinePromoSaver tar vi personvernet ditt p\u00e5 alvor og overholder alle gjeldende lover. Hvis du har sp\u00f8rsm\u00e5l, kan du gjerne ta kontakt \u2013 vi er her for \u00e5 hjelpe.<\/p>\n","protected":false},"excerpt":{"rendered":"<p>Vilk\u00e5r og personvernregler Velkommen til OnlinePromoSaver. Disse vilk\u00e5rene regulerer din bruk av nettstedet til OnlinePromoSaver og tjenestene v\u00e5re (\u00abTjenesten\u00bb). Du godtar disse vilk\u00e5rene ved \u00e5 bruke tjenesten, s\u00e5 vennligst les dem n\u00f8ye f\u00f8r du starter. Bruk av tjenesten: Tjenesten v\u00e5r er utelukkende ment for personlig og ikke-kommersiell bruk. Uten v\u00e5r skriftlige forh\u00e5ndsgodkjenning kan du ikke [&hellip;]<\/p>\n","protected":false},"author":5,"featured_media":0,"parent":0,"menu_order":0,"comment_status":"closed","ping_status":"closed","template":"","meta":{"_acf_changed":false,"footnotes":""},"class_list":["post-512","page","type-page","status-publish","hentry"],"acf":[],"yoast_head":"<!-- This site is optimized with the Yoast SEO plugin v25.8 - https:\/\/yoast.com\/wordpress\/plugins\/seo\/ -->\n<title>Personvernerkl\u00e6ring | Hvordan vi beskytter dataene dine<\/title>\n<meta name=\"description\" content=\"Vennligst les v\u00e5r personvernerkl\u00e6ring for \u00e5 forst\u00e5 hvordan OnlinePromoSaver NO samler inn, bruker og beskytter din personlige informasjon n\u00e5r du bruker nettstedet v\u00e5rt.\" \/>\n<meta name=\"robots\" content=\"index, follow, max-snippet:-1, max-image-preview:large, max-video-preview:-1\" \/>\n<link rel=\"canonical\" href=\"https:\/\/onlinepromosaver.com\/no\/privacy-policy\/\" \/>\n<meta property=\"og:locale\" content=\"en_US\" \/>\n<meta property=\"og:type\" content=\"article\" \/>\n<meta property=\"og:title\" content=\"Personvernerkl\u00e6ring | Hvordan vi beskytter dataene dine\" \/>\n<meta property=\"og:description\" content=\"Vennligst les v\u00e5r personvernerkl\u00e6ring for \u00e5 forst\u00e5 hvordan OnlinePromoSaver NO samler inn, bruker og beskytter din personlige informasjon n\u00e5r du bruker nettstedet v\u00e5rt.\" \/>\n<meta property=\"og:url\" content=\"https:\/\/onlinepromosaver.com\/no\/privacy-policy\/\" \/>\n<meta property=\"og:site_name\" content=\"Top Promo Codes NO\" \/>\n<meta property=\"article:modified_time\" content=\"2025-11-05T10:18:22+00:00\" \/>\n<meta name=\"twitter:card\" content=\"summary_large_image\" \/>\n<meta name=\"twitter:label1\" content=\"Est. reading time\" \/>\n\t<meta name=\"twitter:data1\" content=\"4 minutes\" \/>\n<script type=\"application\/ld+json\" class=\"yoast-schema-graph\">{\"@context\":\"https:\/\/schema.org\",\"@graph\":[{\"@type\":\"WebPage\",\"@id\":\"https:\/\/onlinepromosaver.com\/no\/privacy-policy\/\",\"url\":\"https:\/\/onlinepromosaver.com\/no\/privacy-policy\/\",\"name\":\"Personvernerkl\u00e6ring | Hvordan vi beskytter dataene dine\",\"isPartOf\":{\"@id\":\"https:\/\/onlinepromosaver.com\/no\/#website\"},\"datePublished\":\"2024-12-03T13:24:38+00:00\",\"dateModified\":\"2025-11-05T10:18:22+00:00\",\"description\":\"Vennligst les v\u00e5r personvernerkl\u00e6ring for \u00e5 forst\u00e5 hvordan OnlinePromoSaver NO samler inn, bruker og beskytter din personlige informasjon n\u00e5r du bruker nettstedet v\u00e5rt.\",\"breadcrumb\":{\"@id\":\"https:\/\/onlinepromosaver.com\/no\/privacy-policy\/#breadcrumb\"},\"inLanguage\":\"en-US\",\"potentialAction\":[{\"@type\":\"ReadAction\",\"target\":[\"https:\/\/onlinepromosaver.com\/no\/privacy-policy\/\"]}]},{\"@type\":\"BreadcrumbList\",\"@id\":\"https:\/\/onlinepromosaver.com\/no\/privacy-policy\/#breadcrumb\",\"itemListElement\":[{\"@type\":\"ListItem\",\"position\":1,\"name\":\"Home\",\"item\":\"https:\/\/onlinepromosaver.com\/no\/\"},{\"@type\":\"ListItem\",\"position\":2,\"name\":\"Personvernerkl\u00e6ring\"}]},{\"@type\":\"WebSite\",\"@id\":\"https:\/\/onlinepromosaver.com\/no\/#website\",\"url\":\"https:\/\/onlinepromosaver.com\/no\/\",\"name\":\"Top Promo Codes NO\",\"description\":\"\",\"potentialAction\":[{\"@type\":\"SearchAction\",\"target\":{\"@type\":\"EntryPoint\",\"urlTemplate\":\"https:\/\/onlinepromosaver.com\/no\/?s={search_term_string}\"},\"query-input\":{\"@type\":\"PropertyValueSpecification\",\"valueRequired\":true,\"valueName\":\"search_term_string\"}}],\"inLanguage\":\"en-US\"}]}<\/script>\n<!-- \/ Yoast SEO plugin. -->","yoast_head_json":{"title":"Personvernerkl\u00e6ring | Hvordan vi beskytter dataene dine","description":"Vennligst les v\u00e5r personvernerkl\u00e6ring for \u00e5 forst\u00e5 hvordan OnlinePromoSaver NO samler inn, bruker og beskytter din personlige informasjon n\u00e5r du bruker nettstedet v\u00e5rt.","robots":{"index":"index","follow":"follow","max-snippet":"max-snippet:-1","max-image-preview":"max-image-preview:large","max-video-preview":"max-video-preview:-1"},"canonical":"https:\/\/onlinepromosaver.com\/no\/privacy-policy\/","og_locale":"en_US","og_type":"article","og_title":"Personvernerkl\u00e6ring | Hvordan vi beskytter dataene dine","og_description":"Vennligst les v\u00e5r personvernerkl\u00e6ring for \u00e5 forst\u00e5 hvordan OnlinePromoSaver NO samler inn, bruker og beskytter din personlige informasjon n\u00e5r du bruker nettstedet v\u00e5rt.","og_url":"https:\/\/onlinepromosaver.com\/no\/privacy-policy\/","og_site_name":"Top Promo Codes NO","article_modified_time":"2025-11-05T10:18:22+00:00","twitter_card":"summary_large_image","twitter_misc":{"Est. reading time":"4 minutes"},"schema":{"@context":"https:\/\/schema.org","@graph":[{"@type":"WebPage","@id":"https:\/\/onlinepromosaver.com\/no\/privacy-policy\/","url":"https:\/\/onlinepromosaver.com\/no\/privacy-policy\/","name":"Personvernerkl\u00e6ring | Hvordan vi beskytter dataene dine","isPartOf":{"@id":"https:\/\/onlinepromosaver.com\/no\/#website"},"datePublished":"2024-12-03T13:24:38+00:00","dateModified":"2025-11-05T10:18:22+00:00","description":"Vennligst les v\u00e5r personvernerkl\u00e6ring for \u00e5 forst\u00e5 hvordan OnlinePromoSaver NO samler inn, bruker og beskytter din personlige informasjon n\u00e5r du bruker nettstedet v\u00e5rt.","breadcrumb":{"@id":"https:\/\/onlinepromosaver.com\/no\/privacy-policy\/#breadcrumb"},"inLanguage":"en-US","potentialAction":[{"@type":"ReadAction","target":["https:\/\/onlinepromosaver.com\/no\/privacy-policy\/"]}]},{"@type":"BreadcrumbList","@id":"https:\/\/onlinepromosaver.com\/no\/privacy-policy\/#breadcrumb","itemListElement":[{"@type":"ListItem","position":1,"name":"Home","item":"https:\/\/onlinepromosaver.com\/no\/"},{"@type":"ListItem","position":2,"name":"Personvernerkl\u00e6ring"}]},{"@type":"WebSite","@id":"https:\/\/onlinepromosaver.com\/no\/#website","url":"https:\/\/onlinepromosaver.com\/no\/","name":"Top Promo Codes NO","description":"","potentialAction":[{"@type":"SearchAction","target":{"@type":"EntryPoint","urlTemplate":"https:\/\/onlinepromosaver.com\/no\/?s={search_term_string}"},"query-input":{"@type":"PropertyValueSpecification","valueRequired":true,"valueName":"search_term_string"}}],"inLanguage":"en-US"}]}},"_links":{"self":[{"href":"https:\/\/onlinepromosaver.com\/no\/wp-json\/wp\/v2\/pages\/512","targetHints":{"allow":["GET"]}}],"collection":[{"href":"https:\/\/onlinepromosaver.com\/no\/wp-json\/wp\/v2\/pages"}],"about":[{"href":"https:\/\/onlinepromosaver.com\/no\/wp-json\/wp\/v2\/types\/page"}],"author":[{"embeddable":true,"href":"https:\/\/onlinepromosaver.com\/no\/wp-json\/wp\/v2\/users\/5"}],"replies":[{"embeddable":true,"href":"https:\/\/onlinepromosaver.com\/no\/wp-json\/wp\/v2\/comments?post=512"}],"version-history":[{"count":2,"href":"https:\/\/onlinepromosaver.com\/no\/wp-json\/wp\/v2\/pages\/512\/revisions"}],"predecessor-version":[{"id":690,"href":"https:\/\/onlinepromosaver.com\/no\/wp-json\/wp\/v2\/pages\/512\/revisions\/690"}],"wp:attachment":[{"href":"https:\/\/onlinepromosaver.com\/no\/wp-json\/wp\/v2\/media?parent=512"}],"curies":[{"name":"wp","href":"https:\/\/api.w.org\/{rel}","templated":true}]}}