{"id":152,"date":"2024-10-02T08:09:19","date_gmt":"2024-10-02T08:09:19","guid":{"rendered":"https:\/\/onlinepromosaver.com\/?page_id=152"},"modified":"2025-11-05T11:23:34","modified_gmt":"2025-11-05T11:23:34","slug":"categories","status":"publish","type":"page","link":"https:\/\/onlinepromosaver.com\/pl\/categories\/","title":{"rendered":"Kategorie"},"content":{"rendered":"","protected":false},"excerpt":{"rendered":"","protected":false},"author":5,"featured_media":0,"parent":0,"menu_order":0,"comment_status":"closed","ping_status":"closed","template":"all-categories-template.php","meta":{"_acf_changed":false,"footnotes":""},"class_list":["post-152","page","type-page","status-publish","hentry"],"acf":[],"yoast_head":"<!-- This site is optimized with the Yoast SEO plugin v25.8 - https:\/\/yoast.com\/wordpress\/plugins\/seo\/ -->\n<title>OnlinePromoSaver PL \u2013 Kupuj wed\u0142ug ulubionych kategorii<\/title>\n<meta name=\"description\" content=\"Odkryj oferty na wszystkie Twoje zakupy w OnlinePromoSaver PL. Znajd\u017a oferty specjalne na kategorie takie jak moda, elektronika, podr\u00f3\u017ce i inne.\" \/>\n<meta name=\"robots\" content=\"index, follow, max-snippet:-1, max-image-preview:large, max-video-preview:-1\" \/>\n<link rel=\"canonical\" href=\"https:\/\/onlinepromosaver.com\/pl\/categories\/\" \/>\n<meta property=\"og:locale\" content=\"en_US\" \/>\n<meta property=\"og:type\" content=\"article\" \/>\n<meta property=\"og:title\" content=\"OnlinePromoSaver PL \u2013 Kupuj wed\u0142ug ulubionych kategorii\" \/>\n<meta property=\"og:description\" content=\"Odkryj oferty na wszystkie Twoje zakupy w OnlinePromoSaver PL. Znajd\u017a oferty specjalne na kategorie takie jak moda, elektronika, podr\u00f3\u017ce i inne.\" \/>\n<meta property=\"og:url\" content=\"https:\/\/onlinepromosaver.com\/pl\/categories\/\" \/>\n<meta property=\"og:site_name\" content=\"Top Promo Codes PL\" \/>\n<meta property=\"article:modified_time\" content=\"2025-11-05T11:23:34+00:00\" \/>\n<meta name=\"twitter:card\" content=\"summary_large_image\" \/>\n<script type=\"application\/ld+json\" class=\"yoast-schema-graph\">{\"@context\":\"https:\/\/schema.org\",\"@graph\":[{\"@type\":\"WebPage\",\"@id\":\"https:\/\/onlinepromosaver.com\/pl\/categories\/\",\"url\":\"https:\/\/onlinepromosaver.com\/pl\/categories\/\",\"name\":\"OnlinePromoSaver PL \u2013 Kupuj wed\u0142ug ulubionych kategorii\",\"isPartOf\":{\"@id\":\"https:\/\/onlinepromosaver.com\/pl\/#website\"},\"datePublished\":\"2024-10-02T08:09:19+00:00\",\"dateModified\":\"2025-11-05T11:23:34+00:00\",\"description\":\"Odkryj oferty na wszystkie Twoje zakupy w OnlinePromoSaver PL. Znajd\u017a oferty specjalne na kategorie takie jak moda, elektronika, podr\u00f3\u017ce i inne.\",\"breadcrumb\":{\"@id\":\"https:\/\/onlinepromosaver.com\/pl\/categories\/#breadcrumb\"},\"inLanguage\":\"en-US\",\"potentialAction\":[{\"@type\":\"ReadAction\",\"target\":[\"https:\/\/onlinepromosaver.com\/pl\/categories\/\"]}]},{\"@type\":\"BreadcrumbList\",\"@id\":\"https:\/\/onlinepromosaver.com\/pl\/categories\/#breadcrumb\",\"itemListElement\":[{\"@type\":\"ListItem\",\"position\":1,\"name\":\"Home\",\"item\":\"https:\/\/onlinepromosaver.com\/pl\/\"},{\"@type\":\"ListItem\",\"position\":2,\"name\":\"Kategorie\"}]},{\"@type\":\"WebSite\",\"@id\":\"https:\/\/onlinepromosaver.com\/pl\/#website\",\"url\":\"https:\/\/onlinepromosaver.com\/pl\/\",\"name\":\"Top Promo Codes PL\",\"description\":\"\",\"potentialAction\":[{\"@type\":\"SearchAction\",\"target\":{\"@type\":\"EntryPoint\",\"urlTemplate\":\"https:\/\/onlinepromosaver.com\/pl\/?s={search_term_string}\"},\"query-input\":{\"@type\":\"PropertyValueSpecification\",\"valueRequired\":true,\"valueName\":\"search_term_string\"}}],\"inLanguage\":\"en-US\"}]}<\/script>\n<!-- \/ Yoast SEO plugin. -->","yoast_head_json":{"title":"OnlinePromoSaver PL \u2013 Kupuj wed\u0142ug ulubionych kategorii","description":"Odkryj oferty na wszystkie Twoje zakupy w OnlinePromoSaver PL. Znajd\u017a oferty specjalne na kategorie takie jak moda, elektronika, podr\u00f3\u017ce i inne.","robots":{"index":"index","follow":"follow","max-snippet":"max-snippet:-1","max-image-preview":"max-image-preview:large","max-video-preview":"max-video-preview:-1"},"canonical":"https:\/\/onlinepromosaver.com\/pl\/categories\/","og_locale":"en_US","og_type":"article","og_title":"OnlinePromoSaver PL \u2013 Kupuj wed\u0142ug ulubionych kategorii","og_description":"Odkryj oferty na wszystkie Twoje zakupy w OnlinePromoSaver PL. Znajd\u017a oferty specjalne na kategorie takie jak moda, elektronika, podr\u00f3\u017ce i inne.","og_url":"https:\/\/onlinepromosaver.com\/pl\/categories\/","og_site_name":"Top Promo Codes PL","article_modified_time":"2025-11-05T11:23:34+00:00","twitter_card":"summary_large_image","schema":{"@context":"https:\/\/schema.org","@graph":[{"@type":"WebPage","@id":"https:\/\/onlinepromosaver.com\/pl\/categories\/","url":"https:\/\/onlinepromosaver.com\/pl\/categories\/","name":"OnlinePromoSaver PL \u2013 Kupuj wed\u0142ug ulubionych kategorii","isPartOf":{"@id":"https:\/\/onlinepromosaver.com\/pl\/#website"},"datePublished":"2024-10-02T08:09:19+00:00","dateModified":"2025-11-05T11:23:34+00:00","description":"Odkryj oferty na wszystkie Twoje zakupy w OnlinePromoSaver PL. Znajd\u017a oferty specjalne na kategorie takie jak moda, elektronika, podr\u00f3\u017ce i inne.","breadcrumb":{"@id":"https:\/\/onlinepromosaver.com\/pl\/categories\/#breadcrumb"},"inLanguage":"en-US","potentialAction":[{"@type":"ReadAction","target":["https:\/\/onlinepromosaver.com\/pl\/categories\/"]}]},{"@type":"BreadcrumbList","@id":"https:\/\/onlinepromosaver.com\/pl\/categories\/#breadcrumb","itemListElement":[{"@type":"ListItem","position":1,"name":"Home","item":"https:\/\/onlinepromosaver.com\/pl\/"},{"@type":"ListItem","position":2,"name":"Kategorie"}]},{"@type":"WebSite","@id":"https:\/\/onlinepromosaver.com\/pl\/#website","url":"https:\/\/onlinepromosaver.com\/pl\/","name":"Top Promo Codes PL","description":"","potentialAction":[{"@type":"SearchAction","target":{"@type":"EntryPoint","urlTemplate":"https:\/\/onlinepromosaver.com\/pl\/?s={search_term_string}"},"query-input":{"@type":"PropertyValueSpecification","valueRequired":true,"valueName":"search_term_string"}}],"inLanguage":"en-US"}]}},"_links":{"self":[{"href":"https:\/\/onlinepromosaver.com\/pl\/wp-json\/wp\/v2\/pages\/152","targetHints":{"allow":["GET"]}}],"collection":[{"href":"https:\/\/onlinepromosaver.com\/pl\/wp-json\/wp\/v2\/pages"}],"about":[{"href":"https:\/\/onlinepromosaver.com\/pl\/wp-json\/wp\/v2\/types\/page"}],"author":[{"embeddable":true,"href":"https:\/\/onlinepromosaver.com\/pl\/wp-json\/wp\/v2\/users\/5"}],"replies":[{"embeddable":true,"href":"https:\/\/onlinepromosaver.com\/pl\/wp-json\/wp\/v2\/comments?post=152"}],"version-history":[{"count":2,"href":"https:\/\/onlinepromosaver.com\/pl\/wp-json\/wp\/v2\/pages\/152\/revisions"}],"predecessor-version":[{"id":697,"href":"https:\/\/onlinepromosaver.com\/pl\/wp-json\/wp\/v2\/pages\/152\/revisions\/697"}],"wp:attachment":[{"href":"https:\/\/onlinepromosaver.com\/pl\/wp-json\/wp\/v2\/media?parent=152"}],"curies":[{"name":"wp","href":"https:\/\/api.w.org\/{rel}","templated":true}]}}