{"id":510,"date":"2024-12-03T13:24:08","date_gmt":"2024-12-03T13:24:08","guid":{"rendered":"https:\/\/onlinepromosaver.com\/us\/?page_id=510"},"modified":"2025-11-05T11:22:15","modified_gmt":"2025-11-05T11:22:15","slug":"faqs","status":"publish","type":"page","link":"https:\/\/onlinepromosaver.com\/pl\/faqs\/","title":{"rendered":"FAQs"},"content":{"rendered":"<h2>Cz\u0119sto zadawane pytania<\/h2>\n<p><span style=\"font-weight: 400;\">Witamy w <\/span><a href=\"https:\/\/onlinepromosaver.com\/pl\/\"><span style=\"font-weight: 400;\"><em>Online Promo Saver<\/em><\/span><\/a><span style=\"font-weight: 400;\">\u00a0Sekcja FAQ! Tutaj odpowiadamy na najcz\u0119\u015bciej zadawane pytania dotycz\u0105ce naszej platformy i ekscytuj\u0105cego \u015bwiata bezkonkurencyjnych ofert. Je\u015bli nadal masz pytania lub potrzebujesz dodatkowej pomocy, skontaktuj si\u0119 z naszym zespo\u0142em wsparcia.<\/span><\/p>\n","protected":false},"excerpt":{"rendered":"<p>Cz\u0119sto zadawane pytania Witamy w Online Promo Saver\u00a0Sekcja FAQ! Tutaj odpowiadamy na najcz\u0119\u015bciej zadawane pytania dotycz\u0105ce naszej platformy i ekscytuj\u0105cego \u015bwiata bezkonkurencyjnych ofert. Je\u015bli nadal masz pytania lub potrzebujesz dodatkowej pomocy, skontaktuj si\u0119 z naszym zespo\u0142em wsparcia.<\/p>\n","protected":false},"author":5,"featured_media":0,"parent":0,"menu_order":0,"comment_status":"closed","ping_status":"closed","template":"pages\/faqs.php","meta":{"_acf_changed":false,"footnotes":""},"class_list":["post-510","page","type-page","status-publish","hentry"],"acf":[],"yoast_head":"<!-- This site is optimized with the Yoast SEO plugin v25.8 - https:\/\/yoast.com\/wordpress\/plugins\/seo\/ -->\n<title>Cz\u0119sto zadawane pytania - OnlinePromoSaver PL<\/title>\n<meta name=\"description\" content=\"Masz pytania dotycz\u0105ce korzystania z OnlinePromoSaver PL lub wyszukiwania ofert? Odwied\u017a nasz\u0105 stron\u0119 z odpowiedziami na cz\u0119sto zadawane pytania.\" \/>\n<meta name=\"robots\" content=\"index, follow, max-snippet:-1, max-image-preview:large, max-video-preview:-1\" \/>\n<link rel=\"canonical\" href=\"https:\/\/onlinepromosaver.com\/pl\/faqs\/\" \/>\n<meta property=\"og:locale\" content=\"en_US\" \/>\n<meta property=\"og:type\" content=\"article\" \/>\n<meta property=\"og:title\" content=\"Cz\u0119sto zadawane pytania - OnlinePromoSaver PL\" \/>\n<meta property=\"og:description\" content=\"Masz pytania dotycz\u0105ce korzystania z OnlinePromoSaver PL lub wyszukiwania ofert? Odwied\u017a nasz\u0105 stron\u0119 z odpowiedziami na cz\u0119sto zadawane pytania.\" \/>\n<meta property=\"og:url\" content=\"https:\/\/onlinepromosaver.com\/pl\/faqs\/\" \/>\n<meta property=\"og:site_name\" content=\"Top Promo Codes PL\" \/>\n<meta property=\"article:modified_time\" content=\"2025-11-05T11:22:15+00:00\" \/>\n<meta name=\"twitter:card\" content=\"summary_large_image\" \/>\n<meta name=\"twitter:label1\" content=\"Est. reading time\" \/>\n\t<meta name=\"twitter:data1\" content=\"1 minute\" \/>\n<script type=\"application\/ld+json\" class=\"yoast-schema-graph\">{\"@context\":\"https:\/\/schema.org\",\"@graph\":[{\"@type\":\"WebPage\",\"@id\":\"https:\/\/onlinepromosaver.com\/pl\/faqs\/\",\"url\":\"https:\/\/onlinepromosaver.com\/pl\/faqs\/\",\"name\":\"Cz\u0119sto zadawane pytania - OnlinePromoSaver PL\",\"isPartOf\":{\"@id\":\"https:\/\/onlinepromosaver.com\/pl\/#website\"},\"datePublished\":\"2024-12-03T13:24:08+00:00\",\"dateModified\":\"2025-11-05T11:22:15+00:00\",\"description\":\"Masz pytania dotycz\u0105ce korzystania z OnlinePromoSaver PL lub wyszukiwania ofert? Odwied\u017a nasz\u0105 stron\u0119 z odpowiedziami na cz\u0119sto zadawane pytania.\",\"breadcrumb\":{\"@id\":\"https:\/\/onlinepromosaver.com\/pl\/faqs\/#breadcrumb\"},\"inLanguage\":\"en-US\",\"potentialAction\":[{\"@type\":\"ReadAction\",\"target\":[\"https:\/\/onlinepromosaver.com\/pl\/faqs\/\"]}]},{\"@type\":\"BreadcrumbList\",\"@id\":\"https:\/\/onlinepromosaver.com\/pl\/faqs\/#breadcrumb\",\"itemListElement\":[{\"@type\":\"ListItem\",\"position\":1,\"name\":\"Home\",\"item\":\"https:\/\/onlinepromosaver.com\/pl\/\"},{\"@type\":\"ListItem\",\"position\":2,\"name\":\"FAQs\"}]},{\"@type\":\"WebSite\",\"@id\":\"https:\/\/onlinepromosaver.com\/pl\/#website\",\"url\":\"https:\/\/onlinepromosaver.com\/pl\/\",\"name\":\"Top Promo Codes PL\",\"description\":\"\",\"potentialAction\":[{\"@type\":\"SearchAction\",\"target\":{\"@type\":\"EntryPoint\",\"urlTemplate\":\"https:\/\/onlinepromosaver.com\/pl\/?s={search_term_string}\"},\"query-input\":{\"@type\":\"PropertyValueSpecification\",\"valueRequired\":true,\"valueName\":\"search_term_string\"}}],\"inLanguage\":\"en-US\"}]}<\/script>\n<!-- \/ Yoast SEO plugin. -->","yoast_head_json":{"title":"Cz\u0119sto zadawane pytania - OnlinePromoSaver PL","description":"Masz pytania dotycz\u0105ce korzystania z OnlinePromoSaver PL lub wyszukiwania ofert? Odwied\u017a nasz\u0105 stron\u0119 z odpowiedziami na cz\u0119sto zadawane pytania.","robots":{"index":"index","follow":"follow","max-snippet":"max-snippet:-1","max-image-preview":"max-image-preview:large","max-video-preview":"max-video-preview:-1"},"canonical":"https:\/\/onlinepromosaver.com\/pl\/faqs\/","og_locale":"en_US","og_type":"article","og_title":"Cz\u0119sto zadawane pytania - OnlinePromoSaver PL","og_description":"Masz pytania dotycz\u0105ce korzystania z OnlinePromoSaver PL lub wyszukiwania ofert? Odwied\u017a nasz\u0105 stron\u0119 z odpowiedziami na cz\u0119sto zadawane pytania.","og_url":"https:\/\/onlinepromosaver.com\/pl\/faqs\/","og_site_name":"Top Promo Codes PL","article_modified_time":"2025-11-05T11:22:15+00:00","twitter_card":"summary_large_image","twitter_misc":{"Est. reading time":"1 minute"},"schema":{"@context":"https:\/\/schema.org","@graph":[{"@type":"WebPage","@id":"https:\/\/onlinepromosaver.com\/pl\/faqs\/","url":"https:\/\/onlinepromosaver.com\/pl\/faqs\/","name":"Cz\u0119sto zadawane pytania - OnlinePromoSaver PL","isPartOf":{"@id":"https:\/\/onlinepromosaver.com\/pl\/#website"},"datePublished":"2024-12-03T13:24:08+00:00","dateModified":"2025-11-05T11:22:15+00:00","description":"Masz pytania dotycz\u0105ce korzystania z OnlinePromoSaver PL lub wyszukiwania ofert? Odwied\u017a nasz\u0105 stron\u0119 z odpowiedziami na cz\u0119sto zadawane pytania.","breadcrumb":{"@id":"https:\/\/onlinepromosaver.com\/pl\/faqs\/#breadcrumb"},"inLanguage":"en-US","potentialAction":[{"@type":"ReadAction","target":["https:\/\/onlinepromosaver.com\/pl\/faqs\/"]}]},{"@type":"BreadcrumbList","@id":"https:\/\/onlinepromosaver.com\/pl\/faqs\/#breadcrumb","itemListElement":[{"@type":"ListItem","position":1,"name":"Home","item":"https:\/\/onlinepromosaver.com\/pl\/"},{"@type":"ListItem","position":2,"name":"FAQs"}]},{"@type":"WebSite","@id":"https:\/\/onlinepromosaver.com\/pl\/#website","url":"https:\/\/onlinepromosaver.com\/pl\/","name":"Top Promo Codes PL","description":"","potentialAction":[{"@type":"SearchAction","target":{"@type":"EntryPoint","urlTemplate":"https:\/\/onlinepromosaver.com\/pl\/?s={search_term_string}"},"query-input":{"@type":"PropertyValueSpecification","valueRequired":true,"valueName":"search_term_string"}}],"inLanguage":"en-US"}]}},"_links":{"self":[{"href":"https:\/\/onlinepromosaver.com\/pl\/wp-json\/wp\/v2\/pages\/510","targetHints":{"allow":["GET"]}}],"collection":[{"href":"https:\/\/onlinepromosaver.com\/pl\/wp-json\/wp\/v2\/pages"}],"about":[{"href":"https:\/\/onlinepromosaver.com\/pl\/wp-json\/wp\/v2\/types\/page"}],"author":[{"embeddable":true,"href":"https:\/\/onlinepromosaver.com\/pl\/wp-json\/wp\/v2\/users\/5"}],"replies":[{"embeddable":true,"href":"https:\/\/onlinepromosaver.com\/pl\/wp-json\/wp\/v2\/comments?post=510"}],"version-history":[{"count":2,"href":"https:\/\/onlinepromosaver.com\/pl\/wp-json\/wp\/v2\/pages\/510\/revisions"}],"predecessor-version":[{"id":693,"href":"https:\/\/onlinepromosaver.com\/pl\/wp-json\/wp\/v2\/pages\/510\/revisions\/693"}],"wp:attachment":[{"href":"https:\/\/onlinepromosaver.com\/pl\/wp-json\/wp\/v2\/media?parent=510"}],"curies":[{"name":"wp","href":"https:\/\/api.w.org\/{rel}","templated":true}]}}