{"id":152,"date":"2024-10-02T08:09:19","date_gmt":"2024-10-02T08:09:19","guid":{"rendered":"https:\/\/onlinepromosaver.com\/?page_id=152"},"modified":"2025-11-05T10:04:48","modified_gmt":"2025-11-05T10:04:48","slug":"categories","status":"publish","type":"page","link":"https:\/\/onlinepromosaver.com\/ro\/categories\/","title":{"rendered":"Categorii"},"content":{"rendered":"","protected":false},"excerpt":{"rendered":"","protected":false},"author":5,"featured_media":0,"parent":0,"menu_order":0,"comment_status":"closed","ping_status":"closed","template":"all-categories-template.php","meta":{"_acf_changed":false,"footnotes":""},"class_list":["post-152","page","type-page","status-publish","hentry"],"acf":[],"yoast_head":"<!-- This site is optimized with the Yoast SEO plugin v25.8 - https:\/\/yoast.com\/wordpress\/plugins\/seo\/ -->\n<title>OnlinePromoSaver RO - Cump\u0103r\u0103 dup\u0103 categoriile tale preferate<\/title>\n<meta name=\"description\" content=\"Exploreaz\u0103 oferte pentru toate nevoile tale de cump\u0103r\u0103turi la OnlinePromoSaver RO. G\u0103se\u0219te oferte speciale pentru categorii precum mod\u0103, electronice, c\u0103l\u0103torii \u0219i multe altele.\" \/>\n<meta name=\"robots\" content=\"index, follow, max-snippet:-1, max-image-preview:large, max-video-preview:-1\" \/>\n<link rel=\"canonical\" href=\"https:\/\/onlinepromosaver.com\/ro\/categories\/\" \/>\n<meta property=\"og:locale\" content=\"en_US\" \/>\n<meta property=\"og:type\" content=\"article\" \/>\n<meta property=\"og:title\" content=\"OnlinePromoSaver RO - Cump\u0103r\u0103 dup\u0103 categoriile tale preferate\" \/>\n<meta property=\"og:description\" content=\"Exploreaz\u0103 oferte pentru toate nevoile tale de cump\u0103r\u0103turi la OnlinePromoSaver RO. G\u0103se\u0219te oferte speciale pentru categorii precum mod\u0103, electronice, c\u0103l\u0103torii \u0219i multe altele.\" \/>\n<meta property=\"og:url\" content=\"https:\/\/onlinepromosaver.com\/ro\/categories\/\" \/>\n<meta property=\"og:site_name\" content=\"Top Promo Codes RO\" \/>\n<meta property=\"article:modified_time\" content=\"2025-11-05T10:04:48+00:00\" \/>\n<meta name=\"twitter:card\" content=\"summary_large_image\" \/>\n<script type=\"application\/ld+json\" class=\"yoast-schema-graph\">{\"@context\":\"https:\/\/schema.org\",\"@graph\":[{\"@type\":\"WebPage\",\"@id\":\"https:\/\/onlinepromosaver.com\/ro\/categories\/\",\"url\":\"https:\/\/onlinepromosaver.com\/ro\/categories\/\",\"name\":\"OnlinePromoSaver RO - Cump\u0103r\u0103 dup\u0103 categoriile tale preferate\",\"isPartOf\":{\"@id\":\"https:\/\/onlinepromosaver.com\/ro\/#website\"},\"datePublished\":\"2024-10-02T08:09:19+00:00\",\"dateModified\":\"2025-11-05T10:04:48+00:00\",\"description\":\"Exploreaz\u0103 oferte pentru toate nevoile tale de cump\u0103r\u0103turi la OnlinePromoSaver RO. G\u0103se\u0219te oferte speciale pentru categorii precum mod\u0103, electronice, c\u0103l\u0103torii \u0219i multe altele.\",\"breadcrumb\":{\"@id\":\"https:\/\/onlinepromosaver.com\/ro\/categories\/#breadcrumb\"},\"inLanguage\":\"en-US\",\"potentialAction\":[{\"@type\":\"ReadAction\",\"target\":[\"https:\/\/onlinepromosaver.com\/ro\/categories\/\"]}]},{\"@type\":\"BreadcrumbList\",\"@id\":\"https:\/\/onlinepromosaver.com\/ro\/categories\/#breadcrumb\",\"itemListElement\":[{\"@type\":\"ListItem\",\"position\":1,\"name\":\"Home\",\"item\":\"https:\/\/onlinepromosaver.com\/ro\/\"},{\"@type\":\"ListItem\",\"position\":2,\"name\":\"Categorii\"}]},{\"@type\":\"WebSite\",\"@id\":\"https:\/\/onlinepromosaver.com\/ro\/#website\",\"url\":\"https:\/\/onlinepromosaver.com\/ro\/\",\"name\":\"Top Promo Codes RO\",\"description\":\"\",\"potentialAction\":[{\"@type\":\"SearchAction\",\"target\":{\"@type\":\"EntryPoint\",\"urlTemplate\":\"https:\/\/onlinepromosaver.com\/ro\/?s={search_term_string}\"},\"query-input\":{\"@type\":\"PropertyValueSpecification\",\"valueRequired\":true,\"valueName\":\"search_term_string\"}}],\"inLanguage\":\"en-US\"}]}<\/script>\n<!-- \/ Yoast SEO plugin. -->","yoast_head_json":{"title":"OnlinePromoSaver RO - Cump\u0103r\u0103 dup\u0103 categoriile tale preferate","description":"Exploreaz\u0103 oferte pentru toate nevoile tale de cump\u0103r\u0103turi la OnlinePromoSaver RO. G\u0103se\u0219te oferte speciale pentru categorii precum mod\u0103, electronice, c\u0103l\u0103torii \u0219i multe altele.","robots":{"index":"index","follow":"follow","max-snippet":"max-snippet:-1","max-image-preview":"max-image-preview:large","max-video-preview":"max-video-preview:-1"},"canonical":"https:\/\/onlinepromosaver.com\/ro\/categories\/","og_locale":"en_US","og_type":"article","og_title":"OnlinePromoSaver RO - Cump\u0103r\u0103 dup\u0103 categoriile tale preferate","og_description":"Exploreaz\u0103 oferte pentru toate nevoile tale de cump\u0103r\u0103turi la OnlinePromoSaver RO. G\u0103se\u0219te oferte speciale pentru categorii precum mod\u0103, electronice, c\u0103l\u0103torii \u0219i multe altele.","og_url":"https:\/\/onlinepromosaver.com\/ro\/categories\/","og_site_name":"Top Promo Codes RO","article_modified_time":"2025-11-05T10:04:48+00:00","twitter_card":"summary_large_image","schema":{"@context":"https:\/\/schema.org","@graph":[{"@type":"WebPage","@id":"https:\/\/onlinepromosaver.com\/ro\/categories\/","url":"https:\/\/onlinepromosaver.com\/ro\/categories\/","name":"OnlinePromoSaver RO - Cump\u0103r\u0103 dup\u0103 categoriile tale preferate","isPartOf":{"@id":"https:\/\/onlinepromosaver.com\/ro\/#website"},"datePublished":"2024-10-02T08:09:19+00:00","dateModified":"2025-11-05T10:04:48+00:00","description":"Exploreaz\u0103 oferte pentru toate nevoile tale de cump\u0103r\u0103turi la OnlinePromoSaver RO. G\u0103se\u0219te oferte speciale pentru categorii precum mod\u0103, electronice, c\u0103l\u0103torii \u0219i multe altele.","breadcrumb":{"@id":"https:\/\/onlinepromosaver.com\/ro\/categories\/#breadcrumb"},"inLanguage":"en-US","potentialAction":[{"@type":"ReadAction","target":["https:\/\/onlinepromosaver.com\/ro\/categories\/"]}]},{"@type":"BreadcrumbList","@id":"https:\/\/onlinepromosaver.com\/ro\/categories\/#breadcrumb","itemListElement":[{"@type":"ListItem","position":1,"name":"Home","item":"https:\/\/onlinepromosaver.com\/ro\/"},{"@type":"ListItem","position":2,"name":"Categorii"}]},{"@type":"WebSite","@id":"https:\/\/onlinepromosaver.com\/ro\/#website","url":"https:\/\/onlinepromosaver.com\/ro\/","name":"Top Promo Codes RO","description":"","potentialAction":[{"@type":"SearchAction","target":{"@type":"EntryPoint","urlTemplate":"https:\/\/onlinepromosaver.com\/ro\/?s={search_term_string}"},"query-input":{"@type":"PropertyValueSpecification","valueRequired":true,"valueName":"search_term_string"}}],"inLanguage":"en-US"}]}},"_links":{"self":[{"href":"https:\/\/onlinepromosaver.com\/ro\/wp-json\/wp\/v2\/pages\/152","targetHints":{"allow":["GET"]}}],"collection":[{"href":"https:\/\/onlinepromosaver.com\/ro\/wp-json\/wp\/v2\/pages"}],"about":[{"href":"https:\/\/onlinepromosaver.com\/ro\/wp-json\/wp\/v2\/types\/page"}],"author":[{"embeddable":true,"href":"https:\/\/onlinepromosaver.com\/ro\/wp-json\/wp\/v2\/users\/5"}],"replies":[{"embeddable":true,"href":"https:\/\/onlinepromosaver.com\/ro\/wp-json\/wp\/v2\/comments?post=152"}],"version-history":[{"count":2,"href":"https:\/\/onlinepromosaver.com\/ro\/wp-json\/wp\/v2\/pages\/152\/revisions"}],"predecessor-version":[{"id":679,"href":"https:\/\/onlinepromosaver.com\/ro\/wp-json\/wp\/v2\/pages\/152\/revisions\/679"}],"wp:attachment":[{"href":"https:\/\/onlinepromosaver.com\/ro\/wp-json\/wp\/v2\/media?parent=152"}],"curies":[{"name":"wp","href":"https:\/\/api.w.org\/{rel}","templated":true}]}}