{"id":512,"date":"2024-12-03T13:24:38","date_gmt":"2024-12-03T13:24:38","guid":{"rendered":"https:\/\/onlinepromosaver.com\/us\/?page_id=512"},"modified":"2025-11-05T10:38:22","modified_gmt":"2025-11-05T10:38:22","slug":"privacy-policy","status":"publish","type":"page","link":"https:\/\/onlinepromosaver.com\/se\/privacy-policy\/","title":{"rendered":"Sekretesspolicy"},"content":{"rendered":"<h2>Villkor och sekretesspolicy<\/h2>\n<p>V\u00e4lkommen till OnlinePromoSaver. Dessa villkor reglerar din anv\u00e4ndning av OnlinePromoSaver webbplats och v\u00e5ra tj\u00e4nster (&#8220;Tj\u00e4nsten&#8221;). Du godk\u00e4nner dessa villkor genom att anv\u00e4nda Tj\u00e4nsten, s\u00e5 l\u00e4s dem noggrant innan du forts\u00e4tter.<\/p>\n<h3>Anv\u00e4ndning av Tj\u00e4nsten:<\/h3>\n<p>V\u00e5r Tj\u00e4nst \u00e4r enbart avsedd f\u00f6r personligt och icke-kommersiellt bruk. Utan v\u00e5rt skriftliga godk\u00e4nnande kommer du inte att kunna anv\u00e4nda den f\u00f6r n\u00e5got annat \u00e4ndam\u00e5l. Du samtycker till att inte delta i olaglig aktivitet eller anv\u00e4nda Tj\u00e4nsten p\u00e5 ett s\u00e4tt som kan skada, st\u00f6ra eller \u00f6verbelasta den.<\/p>\n<h3>Anv\u00e4ndningsdata:<\/h3>\n<p>Vi samlar automatiskt in information n\u00e4r du anv\u00e4nder v\u00e5r Tj\u00e4nst, till exempel din enhets IP-adress, webbl\u00e4sartyp, bes\u00f6kta sidor och den tid du spenderar p\u00e5 dem. Om du anv\u00e4nder v\u00e5r Tj\u00e4nst fr\u00e5n en mobil enhet kan vi ocks\u00e5 samla in enhetsspecifika data, till exempel ditt mobila operativsystem, webbl\u00e4sartyp och unika enhetsidentifierare. Dessa data hj\u00e4lper oss att f\u00f6rb\u00e4ttra v\u00e5r Tj\u00e4nst och analysera anv\u00e4ndningstrender.<\/p>\n<h3>Sp\u00e5rningstekniker och cookies:<\/h3>\n<p>Vi anv\u00e4nder sp\u00e5rningstekniker, inklusive cookies, beacons och skript, f\u00f6r att f\u00f6rb\u00e4ttra Tj\u00e4nsten och analysera anv\u00e4ndarbeteende. Kakor \u00e4r sm\u00e5 filer som placeras p\u00e5 din enhet och som du kan avb\u00f6ja eller st\u00e4lla in aviseringar f\u00f6r. Om du blockerar kakor kanske vissa funktioner i v\u00e5r tj\u00e4nst inte fungerar. Vi anv\u00e4nder \u00e4ven webbfyrar i e-postmeddelanden och p\u00e5 vissa sidor f\u00f6r att sp\u00e5ra aktivitet och samla in statistik f\u00f6r att f\u00f6rb\u00e4ttra v\u00e5r plattform.<\/p>\n<h3>Friskrivningar:<\/h3>\n<p>Tj\u00e4nsten tillhandah\u00e5lls &#8220;i befintligt skick&#8221; utan uttryckliga eller underf\u00f6rst\u00e5dda garantier, inklusive men inte begr\u00e4nsat till underf\u00f6rst\u00e5dda garantier om l\u00e4mplighet f\u00f6r ett visst \u00e4ndam\u00e5l. OnlinePromoSaver garanterar inte oavbruten \u00e5tkomst, felfri drift eller att v\u00e5r tj\u00e4nst \u00e4r fri fr\u00e5n skadliga komponenter som virus. Vi l\u00e4mnar inte heller n\u00e5gra utf\u00e4stelser om Tj\u00e4nstens riktighet eller tillf\u00f6rlitlighet.<\/p>\n<h3>S\u00e4kerhet f\u00f6r personuppgifter:<\/h3>\n<p>Vi tar din datas\u00e4kerhet p\u00e5 allvar, men det \u00e4r viktigt att notera att ingen \u00f6verf\u00f6rings- eller lagringsmetod \u00e4r 100 % s\u00e4ker. \u00c4ven om vi f\u00f6rs\u00f6ker skydda din information kan vi inte garantera dess absoluta s\u00e4kerhet.<\/p>\n<h3>Ansvarsbegr\u00e4nsning:<\/h3>\n<p>OnlinePromoSaver ansvarar inte f\u00f6r n\u00e5gra direkta eller indirekta skador som uppst\u00e5r till f\u00f6ljd av din anv\u00e4ndning av Tj\u00e4nsten. Detta inkluderar eventuella f\u00f6rluster relaterade till vinster, data, goodwill eller andra immateriella tillg\u00e5ngar, \u00e4ven om vi var medvetna om m\u00f6jligheten till s\u00e5dana f\u00f6rluster.<\/p>\n<h3>Affiliate-l\u00e4nkar:<\/h3>\n<p>Top Promo Codes deltar i olika affiliate-program. Det betyder att om du klickar p\u00e5 vissa l\u00e4nkar och g\u00f6r ett k\u00f6p kan vi f\u00e5 provision utan extra kostnad f\u00f6r dig. Vi rekommenderar endast produkter och tj\u00e4nster som vi verkligen tror p\u00e5 baserat p\u00e5 det v\u00e4rde de erbjuder v\u00e5ra anv\u00e4ndare.<\/p>\n<h3>Returer, godk\u00e4nnanden och inget \u00e4gander\u00e4tt:<\/h3>\n<ul>\n<li style=\"font-weight: 400;\"><strong>Returer:<\/strong> Vi s\u00e4ljer inte fysiska produkter och kan d\u00e4rf\u00f6r inte acceptera returer eller utf\u00e4rda \u00e5terbetalningar f\u00f6r varor som k\u00f6pts via affiliate-l\u00e4nkar. Returer m\u00e5ste adresseras direkt till respektive handlare.<\/li>\n<li style=\"font-weight: 400;\"><strong>Godk\u00e4nnanden:<\/strong> Vi varken rekommenderar eller garanterar kvaliteten p\u00e5 produkter eller tj\u00e4nster som \u00e4r tillg\u00e4ngliga via v\u00e5ra affiliate-l\u00e4nkar. Du kan fatta dina k\u00f6pbeslut helt p\u00e5 egen risk.<\/li>\n<li style=\"font-weight: 400;\"><strong>Inget \u00e4gander\u00e4ttsbeslut:<\/strong> Vi g\u00f6r inte anspr\u00e5k p\u00e5 \u00e4gander\u00e4tt till n\u00e5gra produkter eller tj\u00e4nster som s\u00e4ljs via affiliate-l\u00e4nkar. Ansvaret f\u00f6r dessa produkter ligger hos respektive handlare eller tj\u00e4nsteleverant\u00f6r.<\/li>\n<\/ul>\n<h3>Kampanjen slutar:<\/h3>\n<p>Vi f\u00f6rbeh\u00e5ller oss r\u00e4tten att \u00e4ndra eller avsluta kampanjer utan f\u00f6reg\u00e5ende meddelande. Om en kampanj \u00e4ndras eller avslutas medan du l\u00f6ser in den, \u00e4r vi inte ansvariga f\u00f6r eventuella besv\u00e4r eller f\u00f6rluster som uppst\u00e5r.<\/p>\n<h3>E-postmarknadsf\u00f6ring:<\/h3>\n<p>Vi kan anv\u00e4nda dina kontaktuppgifter f\u00f6r att skicka dig nyhetsbrev, reklammaterial och uppdateringar om erbjudanden som kan intressera dig. Du kan n\u00e4r som helst v\u00e4lja bort dessa meddelanden genom att f\u00f6lja instruktionerna i v\u00e5ra e-postmeddelanden eller genom att kontakta oss direkt.<\/p>\n<h3>Uppf\u00f6randeregler:<\/h3>\n<ul>\n<li style=\"font-weight: 400;\"><strong>F\u00f6rbjudna aktiviteter<\/strong>: Du samtycker till att inte anv\u00e4nda Tj\u00e4nsten f\u00f6r olagliga eller skadliga aktiviteter, inklusive trakasserier, bedr\u00e4gerier eller hatpropaganda.<\/li>\n<li style=\"font-weight: 400;\"><strong>Anv\u00e4ndarinneh\u00e5ll:<\/strong> Du \u00e4r ansvarig f\u00f6r allt inneh\u00e5ll du laddar upp eller publicerar. Du samtycker till att inte ladda upp n\u00e5got obscent, st\u00f6tande eller som kr\u00e4nker andras r\u00e4ttigheter.<\/li>\n<li style=\"font-weight: 400;\"><strong>V\u00e4nligen f\u00f6lj lagarna:<\/strong> Du m\u00e5ste f\u00f6lja alla relevanta lagar n\u00e4r du anv\u00e4nder v\u00e5r Tj\u00e4nst.<\/li>\n<li style=\"font-weight: 400;\"><strong>Obeh\u00f6rig \u00e5tkomst:<\/strong> Du \u00e4r f\u00f6rbjuden att f\u00f6rs\u00f6ka komma \u00e5t konton eller data utan tillst\u00e5nd.<\/li>\n<li style=\"font-weight: 400;\"><strong>Skr\u00e4ppost och reklam:<\/strong> Skr\u00e4ppost, n\u00e4tfiske eller att skicka o\u00f6nskad reklam \u00e4r inte till\u00e5tet p\u00e5 v\u00e5r plattform.<\/li>\n<li style=\"font-weight: 400;\"><strong>Utl\u00e4mnande av identitet:<\/strong> Du f\u00e5r inte falskeligen framst\u00e4lla dig sj\u00e4lv eller n\u00e5gon annan enhet.<\/li>\n<li style=\"font-weight: 400;\"><strong>Missbruk av resurser:<\/strong> Delta inte i aktiviteter som kan skada, \u00f6verbelasta eller inaktivera v\u00e5r Tj\u00e4nst eller n\u00e4tverk.<\/li>\n<li style=\"font-weight: 400;\"><strong>Rapportering:<\/strong> Om du ser n\u00e5gon anv\u00e4ndare bryta mot dessa riktlinjer, v\u00e4nligen rapportera det till oss.<\/li>\n<li style=\"font-weight: 400;\"><strong>Konsekvenser:<\/strong> Brott mot dessa regler kan leda till upps\u00e4gning av kontot och potentiellt r\u00e4ttsliga \u00e5tg\u00e4rder.<\/li>\n<\/ul>\n<h3>OnlinePromoSaver engagemang f\u00f6r GDPR \u2013 EU &amp; UK<\/h3>\n<p>Vi respekterar v\u00e5ra anv\u00e4ndares integritet inom Europeiska unionen och f\u00f6ljer till fullo den allm\u00e4nna dataskyddsf\u00f6rordningen (GDPR).<\/p>\n<p><em>S\u00e5 h\u00e4r skyddar vi dina uppgifter:<\/em><\/p>\n<ul>\n<li><strong>Transparens:<\/strong> Vi samlar endast in n\u00f6dv\u00e4ndiga uppgifter f\u00f6r att tillhandah\u00e5lla v\u00e5ra tj\u00e4nster (som din e-postadress f\u00f6r att skicka erbjudanden med ditt samtycke).<\/li>\n<li><strong>Anv\u00e4ndarkontroll:<\/strong> Du har fullst\u00e4ndig kontroll \u00f6ver dina personuppgifter, inklusive r\u00e4tten att f\u00e5 \u00e5tkomst till, korrigera eller radera dem.<\/li>\n<li><strong>S\u00e4kerhet:<\/strong> Vi anv\u00e4nder robusta s\u00e4kerhets\u00e5tg\u00e4rder f\u00f6r att skydda dina uppgifter fr\u00e5n obeh\u00f6rig \u00e5tkomst.<\/li>\n<\/ul>\n<p><em>Om du har fr\u00e5gor om v\u00e5ra GDPR-rutiner \u00e4r du v\u00e4lkommen att kontakta oss.<\/em><\/p>\n<h3>Engagement f\u00f6r din integritet<\/h3>\n<p>P\u00e5 OnlinePromoSaver tar vi din integritet p\u00e5 st\u00f6rsta allvar och f\u00f6ljer alla till\u00e4mpliga lagar. Om du har n\u00e5gra fr\u00e5gor \u00e4r du v\u00e4lkommen att kontakta oss \u2013 vi finns h\u00e4r f\u00f6r att hj\u00e4lpa dig.<\/p>\n","protected":false},"excerpt":{"rendered":"<p>Villkor och sekretesspolicy V\u00e4lkommen till OnlinePromoSaver. Dessa villkor reglerar din anv\u00e4ndning av OnlinePromoSaver webbplats och v\u00e5ra tj\u00e4nster (&#8220;Tj\u00e4nsten&#8221;). Du godk\u00e4nner dessa villkor genom att anv\u00e4nda Tj\u00e4nsten, s\u00e5 l\u00e4s dem noggrant innan du forts\u00e4tter. Anv\u00e4ndning av Tj\u00e4nsten: V\u00e5r Tj\u00e4nst \u00e4r enbart avsedd f\u00f6r personligt och icke-kommersiellt bruk. Utan v\u00e5rt skriftliga godk\u00e4nnande kommer du inte att kunna [&hellip;]<\/p>\n","protected":false},"author":5,"featured_media":0,"parent":0,"menu_order":0,"comment_status":"closed","ping_status":"closed","template":"","meta":{"_acf_changed":false,"footnotes":""},"class_list":["post-512","page","type-page","status-publish","hentry"],"acf":[],"yoast_head":"<!-- This site is optimized with the Yoast SEO plugin v25.8 - https:\/\/yoast.com\/wordpress\/plugins\/seo\/ -->\n<title>Sekretesspolicy | Hur vi skyddar dina uppgifter<\/title>\n<meta name=\"description\" content=\"L\u00e4s v\u00e5r integritetspolicy f\u00f6r att f\u00f6rst\u00e5 hur OnlinePromoSaver-SE samlar in, anv\u00e4nder och skyddar din personliga information n\u00e4r du anv\u00e4nder v\u00e5r webbplats.\" \/>\n<meta name=\"robots\" content=\"index, follow, max-snippet:-1, max-image-preview:large, max-video-preview:-1\" \/>\n<link rel=\"canonical\" href=\"https:\/\/onlinepromosaver.com\/se\/privacy-policy\/\" \/>\n<meta property=\"og:locale\" content=\"en_US\" \/>\n<meta property=\"og:type\" content=\"article\" \/>\n<meta property=\"og:title\" content=\"Sekretesspolicy | Hur vi skyddar dina uppgifter\" \/>\n<meta property=\"og:description\" content=\"L\u00e4s v\u00e5r integritetspolicy f\u00f6r att f\u00f6rst\u00e5 hur OnlinePromoSaver-SE samlar in, anv\u00e4nder och skyddar din personliga information n\u00e4r du anv\u00e4nder v\u00e5r webbplats.\" \/>\n<meta property=\"og:url\" content=\"https:\/\/onlinepromosaver.com\/se\/privacy-policy\/\" \/>\n<meta property=\"og:site_name\" content=\"Top Promo Codes SE\" \/>\n<meta property=\"article:modified_time\" content=\"2025-11-05T10:38:22+00:00\" \/>\n<meta name=\"twitter:card\" content=\"summary_large_image\" \/>\n<meta name=\"twitter:label1\" content=\"Est. reading time\" \/>\n\t<meta name=\"twitter:data1\" content=\"4 minutes\" \/>\n<script type=\"application\/ld+json\" class=\"yoast-schema-graph\">{\"@context\":\"https:\/\/schema.org\",\"@graph\":[{\"@type\":\"WebPage\",\"@id\":\"https:\/\/onlinepromosaver.com\/se\/privacy-policy\/\",\"url\":\"https:\/\/onlinepromosaver.com\/se\/privacy-policy\/\",\"name\":\"Sekretesspolicy | Hur vi skyddar dina uppgifter\",\"isPartOf\":{\"@id\":\"https:\/\/onlinepromosaver.com\/se\/#website\"},\"datePublished\":\"2024-12-03T13:24:38+00:00\",\"dateModified\":\"2025-11-05T10:38:22+00:00\",\"description\":\"L\u00e4s v\u00e5r integritetspolicy f\u00f6r att f\u00f6rst\u00e5 hur OnlinePromoSaver-SE samlar in, anv\u00e4nder och skyddar din personliga information n\u00e4r du anv\u00e4nder v\u00e5r webbplats.\",\"breadcrumb\":{\"@id\":\"https:\/\/onlinepromosaver.com\/se\/privacy-policy\/#breadcrumb\"},\"inLanguage\":\"en-US\",\"potentialAction\":[{\"@type\":\"ReadAction\",\"target\":[\"https:\/\/onlinepromosaver.com\/se\/privacy-policy\/\"]}]},{\"@type\":\"BreadcrumbList\",\"@id\":\"https:\/\/onlinepromosaver.com\/se\/privacy-policy\/#breadcrumb\",\"itemListElement\":[{\"@type\":\"ListItem\",\"position\":1,\"name\":\"Home\",\"item\":\"https:\/\/onlinepromosaver.com\/se\/\"},{\"@type\":\"ListItem\",\"position\":2,\"name\":\"Sekretesspolicy\"}]},{\"@type\":\"WebSite\",\"@id\":\"https:\/\/onlinepromosaver.com\/se\/#website\",\"url\":\"https:\/\/onlinepromosaver.com\/se\/\",\"name\":\"Top Promo Codes SE\",\"description\":\"\",\"potentialAction\":[{\"@type\":\"SearchAction\",\"target\":{\"@type\":\"EntryPoint\",\"urlTemplate\":\"https:\/\/onlinepromosaver.com\/se\/?s={search_term_string}\"},\"query-input\":{\"@type\":\"PropertyValueSpecification\",\"valueRequired\":true,\"valueName\":\"search_term_string\"}}],\"inLanguage\":\"en-US\"}]}<\/script>\n<!-- \/ Yoast SEO plugin. -->","yoast_head_json":{"title":"Sekretesspolicy | Hur vi skyddar dina uppgifter","description":"L\u00e4s v\u00e5r integritetspolicy f\u00f6r att f\u00f6rst\u00e5 hur OnlinePromoSaver-SE samlar in, anv\u00e4nder och skyddar din personliga information n\u00e4r du anv\u00e4nder v\u00e5r webbplats.","robots":{"index":"index","follow":"follow","max-snippet":"max-snippet:-1","max-image-preview":"max-image-preview:large","max-video-preview":"max-video-preview:-1"},"canonical":"https:\/\/onlinepromosaver.com\/se\/privacy-policy\/","og_locale":"en_US","og_type":"article","og_title":"Sekretesspolicy | Hur vi skyddar dina uppgifter","og_description":"L\u00e4s v\u00e5r integritetspolicy f\u00f6r att f\u00f6rst\u00e5 hur OnlinePromoSaver-SE samlar in, anv\u00e4nder och skyddar din personliga information n\u00e4r du anv\u00e4nder v\u00e5r webbplats.","og_url":"https:\/\/onlinepromosaver.com\/se\/privacy-policy\/","og_site_name":"Top Promo Codes SE","article_modified_time":"2025-11-05T10:38:22+00:00","twitter_card":"summary_large_image","twitter_misc":{"Est. reading time":"4 minutes"},"schema":{"@context":"https:\/\/schema.org","@graph":[{"@type":"WebPage","@id":"https:\/\/onlinepromosaver.com\/se\/privacy-policy\/","url":"https:\/\/onlinepromosaver.com\/se\/privacy-policy\/","name":"Sekretesspolicy | Hur vi skyddar dina uppgifter","isPartOf":{"@id":"https:\/\/onlinepromosaver.com\/se\/#website"},"datePublished":"2024-12-03T13:24:38+00:00","dateModified":"2025-11-05T10:38:22+00:00","description":"L\u00e4s v\u00e5r integritetspolicy f\u00f6r att f\u00f6rst\u00e5 hur OnlinePromoSaver-SE samlar in, anv\u00e4nder och skyddar din personliga information n\u00e4r du anv\u00e4nder v\u00e5r webbplats.","breadcrumb":{"@id":"https:\/\/onlinepromosaver.com\/se\/privacy-policy\/#breadcrumb"},"inLanguage":"en-US","potentialAction":[{"@type":"ReadAction","target":["https:\/\/onlinepromosaver.com\/se\/privacy-policy\/"]}]},{"@type":"BreadcrumbList","@id":"https:\/\/onlinepromosaver.com\/se\/privacy-policy\/#breadcrumb","itemListElement":[{"@type":"ListItem","position":1,"name":"Home","item":"https:\/\/onlinepromosaver.com\/se\/"},{"@type":"ListItem","position":2,"name":"Sekretesspolicy"}]},{"@type":"WebSite","@id":"https:\/\/onlinepromosaver.com\/se\/#website","url":"https:\/\/onlinepromosaver.com\/se\/","name":"Top Promo Codes SE","description":"","potentialAction":[{"@type":"SearchAction","target":{"@type":"EntryPoint","urlTemplate":"https:\/\/onlinepromosaver.com\/se\/?s={search_term_string}"},"query-input":{"@type":"PropertyValueSpecification","valueRequired":true,"valueName":"search_term_string"}}],"inLanguage":"en-US"}]}},"_links":{"self":[{"href":"https:\/\/onlinepromosaver.com\/se\/wp-json\/wp\/v2\/pages\/512","targetHints":{"allow":["GET"]}}],"collection":[{"href":"https:\/\/onlinepromosaver.com\/se\/wp-json\/wp\/v2\/pages"}],"about":[{"href":"https:\/\/onlinepromosaver.com\/se\/wp-json\/wp\/v2\/types\/page"}],"author":[{"embeddable":true,"href":"https:\/\/onlinepromosaver.com\/se\/wp-json\/wp\/v2\/users\/5"}],"replies":[{"embeddable":true,"href":"https:\/\/onlinepromosaver.com\/se\/wp-json\/wp\/v2\/comments?post=512"}],"version-history":[{"count":2,"href":"https:\/\/onlinepromosaver.com\/se\/wp-json\/wp\/v2\/pages\/512\/revisions"}],"predecessor-version":[{"id":657,"href":"https:\/\/onlinepromosaver.com\/se\/wp-json\/wp\/v2\/pages\/512\/revisions\/657"}],"wp:attachment":[{"href":"https:\/\/onlinepromosaver.com\/se\/wp-json\/wp\/v2\/media?parent=512"}],"curies":[{"name":"wp","href":"https:\/\/api.w.org\/{rel}","templated":true}]}}